{"id":10,"date":"2024-08-29T11:27:31","date_gmt":"2024-08-29T11:27:31","guid":{"rendered":"https:\/\/revolutionsoft.shop\/?page_id=10"},"modified":"2025-06-05T08:01:51","modified_gmt":"2025-06-05T08:01:51","slug":"aviso-legal","status":"publish","type":"page","link":"https:\/\/gbsailingwithcalm.com\/es\/aviso-legal\/","title":{"rendered":"Aviso Legal"},"content":{"rendered":"<p class=\"\" data-start=\"173\" data-end=\"424\">En cumplimiento de lo establecido en el art\u00edculo 10 de la Ley 34\/2002, de 11 de julio, de Servicios de la Sociedad de la Informaci\u00f3n y Comercio Electr\u00f3nico (LSSI-CE), se informa a los usuarios de los datos identificativos del titular del sitio web:<\/p>\n<p class=\"\" data-start=\"426\" data-end=\"454\"><strong data-start=\"426\" data-end=\"452\">Titular del sitio web:<\/strong><\/p>\n<ul data-start=\"455\" data-end=\"787\">\n<li class=\"\" data-start=\"455\" data-end=\"490\">\n<p class=\"\" data-start=\"457\" data-end=\"490\"><strong data-start=\"457\" data-end=\"468\">Nombre: <\/strong>Sailing With Calm<\/p>\n<\/li>\n<li class=\"\" data-start=\"491\" data-end=\"513\">\n<p class=\"\" data-start=\"493\" data-end=\"513\"><strong data-start=\"493\" data-end=\"501\">NIF:<\/strong> Y3078710J<\/p>\n<\/li>\n<li class=\"\" data-start=\"514\" data-end=\"612\">\n<p class=\"\" data-start=\"516\" data-end=\"612\"><strong data-start=\"516\" data-end=\"530\">Direcci\u00f3n:<\/strong> 07180, Balearic Islands<\/p>\n<\/li>\n<li class=\"\" data-start=\"613\" data-end=\"665\">\n<p class=\"\" data-start=\"615\" data-end=\"665\"><strong data-start=\"615\" data-end=\"638\">Email:<\/strong> <a href=\"mailto:info@gbsailingwithcalm.com\"><span class=\"elementor-icon-list-text\">info@gbsailingwithcalm.com<\/span><\/a><\/p>\n<\/li>\n<li class=\"\" data-start=\"666\" data-end=\"699\">\n<p class=\"\" data-start=\"668\" data-end=\"699\"><strong data-start=\"668\" data-end=\"681\">Tel\u00e9fono:<\/strong> +34 644 657 697<\/p>\n<\/li>\n<li class=\"\" data-start=\"700\" data-end=\"787\">\n<p class=\"\" data-start=\"702\" data-end=\"787\"><strong data-start=\"702\" data-end=\"716\">Sitio web:<\/strong> <a class=\"\" href=\"https:\/\/gbsailingwithcalm.com\/es\/\" target=\"_new\" rel=\"noopener\" data-start=\"717\" data-end=\"787\">https:\/\/www.gbsailingwithcalm.com<\/a><\/p>\n<\/li>\n<\/ul>\n<hr class=\"\" data-start=\"789\" data-end=\"792\" \/>\n<h3 class=\"\" data-start=\"794\" data-end=\"822\"><strong data-start=\"798\" data-end=\"822\">Finalidad del sitio web<\/strong><\/h3>\n<p class=\"\" data-start=\"824\" data-end=\"973\">Este Aviso Legal regula el acceso, la navegaci\u00f3n y el uso del sitio web <strong data-start=\"897\" data-end=\"934\"><a class=\"\" href=\"https:\/\/gbsailingwithcalm.com\/es\/\" target=\"_new\" rel=\"noopener\" data-start=\"899\" data-end=\"932\">https:\/\/www.gbsailingwithcalm.com<\/a><\/strong>, propiedad de <strong>Sailing With Calm<\/strong>.<\/p>\n<p class=\"\" data-start=\"975\" data-end=\"1191\">El acceso a este sitio web confiere la condici\u00f3n de usuario e implica la aceptaci\u00f3n expresa y sin reservas de las condiciones generales publicadas en este aviso legal en el momento en que el usuario accede al mismo.<\/p>\n<hr class=\"\" data-start=\"1193\" data-end=\"1196\" \/>\n<h3 class=\"\" data-start=\"1198\" data-end=\"1224\"><strong data-start=\"1202\" data-end=\"1224\">T\u00e9rminos de Uso<\/strong><\/h3>\n<p class=\"\" data-start=\"1226\" data-end=\"1400\">El usuario se compromete a utilizar los contenidos y servicios del sitio web de manera adecuada, conforme a la ley, la moral, el orden p\u00fablico y este Aviso Legal.<\/p>\n<p class=\"\" data-start=\"1402\" data-end=\"1608\">Queda prohibido el uso del sitio web para fines ilegales o con prop\u00f3sitos que da\u00f1en los derechos o intereses de terceros, o de cualquier manera que pueda da\u00f1ar, inutilizar o sobrecargar el sitio web o impedir su uso normal.<\/p>\n<hr class=\"\" data-start=\"1610\" data-end=\"1613\" \/>\n<h3 class=\"\" data-start=\"1615\" data-end=\"1657\"><strong data-start=\"1619\" data-end=\"1657\">Propiedad Intelectual e Industrial<\/strong><\/h3>\n<p class=\"\" data-start=\"1659\" data-end=\"1985\">Todo el contenido del sitio web, incluyendo pero no limitado a textos, im\u00e1genes, gr\u00e1ficos, c\u00f3digo fuente, logotipos, nombres comerciales, marcas o signos distintivos, es propiedad del titular o de terceros autorizados y est\u00e1 protegido por las leyes de propiedad intelectual e industrial.<\/p>\n<p class=\"\" data-start=\"1987\" data-end=\"2164\">Se proh\u00edbe la reproducci\u00f3n, distribuci\u00f3n, comunicaci\u00f3n p\u00fablica, transformaci\u00f3n o cualquier otra forma de explotaci\u00f3n sin el consentimiento previo y por escrito del titular.<\/p>\n<hr class=\"\" data-start=\"2166\" data-end=\"2169\" \/>\n<h3 class=\"\" data-start=\"2171\" data-end=\"2207\"><strong data-start=\"2175\" data-end=\"2207\">Exenci\u00f3n de Responsabilidad<\/strong><\/h3>\n<p class=\"\" data-start=\"2209\" data-end=\"2439\">El propietario del sitio web no se responsabiliza de ning\u00fan da\u00f1o o perjuicio de cualquier tipo que pueda derivarse de la falta de exactitud, integridad, puntualidad, o de errores u omisiones en el contenido de este sitio web.<\/p>\n<p class=\"\" data-start=\"2441\" data-end=\"2606\">Del mismo modo, no se garantiza la disponibilidad ni el funcionamiento continuo del sitio web ni de aquellos otros sitios web a los que se haya establecido un enlace.<\/p>\n<hr class=\"\" data-start=\"2608\" data-end=\"2611\" \/>\n<h3 class=\"\" data-start=\"2613\" data-end=\"2637\"><strong data-start=\"2617\" data-end=\"2637\">Enlaces Externos<\/strong><\/h3>\n<p class=\"\" data-start=\"2639\" data-end=\"2937\">En caso de que se proporcionen enlaces o hiperv\u00ednculos a otros sitios de Internet en el sitio web, el propietario no ejercer\u00e1 ning\u00fan control sobre dichos sitios ni su contenido. En ning\u00fan caso el propietario asumir\u00e1 responsabilidad alguna por el contenido de ning\u00fan enlace perteneciente a un sitio web externo.<\/p>\n<hr class=\"\" data-start=\"2939\" data-end=\"2942\" \/>\n<h3 class=\"\" data-start=\"2944\" data-end=\"2982\"><strong data-start=\"2948\" data-end=\"2982\">Cambios en el Aviso Legal<\/strong><\/h3>\n<p class=\"\" data-start=\"2984\" data-end=\"3196\">El titular del sitio web se reserva el derecho de modificar este Aviso Legal en cualquier momento y sin previo aviso, publicando los cambios en el sitio web para conocimiento de los usuarios.<\/p>\n<hr class=\"\" data-start=\"3198\" data-end=\"3201\" \/>\n<h3 class=\"\" data-start=\"3203\" data-end=\"3239\"><strong data-start=\"3207\" data-end=\"3239\">Ley Aplicable y Jurisdicci\u00f3n<\/strong><\/h3>\n<p class=\"\" data-start=\"3241\" data-end=\"3529\">Este Aviso Legal se rige por la legislaci\u00f3n espa\u00f1ola. En caso de conflicto o discrepancia en la interpretaci\u00f3n o aplicaci\u00f3n de estas condiciones, ser\u00e1n competentes los tribunales del domicilio del propietario, salvo que la normativa aplicable establezca otro fuero.<\/p>","protected":false},"excerpt":{"rendered":"<p>In compliance with the provisions of Article 10 of Law 34\/2002 of July 11, on Information Society Services and Electronic Commerce (LSSI-CE), users are informed of the identifying data of the website owner: Website owner: Name: Sailing With Calm NIF: Y3078710J Address: 07180, Balearic Islands Email: info@gbsailingwithcalm.com Phone: +34 644 657 697 Website: https:\/\/www.gbsailingwithcalm.com Website&hellip;&nbsp;<a href=\"https:\/\/gbsailingwithcalm.com\/es\/aviso-legal\/\" rel=\"bookmark\"><span class=\"screen-reader-text\">Aviso Legal<\/span><\/a><\/p>","protected":false},"author":1,"featured_media":0,"parent":0,"menu_order":0,"comment_status":"closed","ping_status":"closed","template":"","meta":{"neve_meta_sidebar":"","neve_meta_container":"","neve_meta_enable_content_width":"off","neve_meta_content_width":100,"neve_meta_title_alignment":"","neve_meta_author_avatar":"","neve_post_elements_order":"","neve_meta_disable_header":"","neve_meta_disable_footer":"","neve_meta_disable_title":"","_joinchat":[],"footnotes":""},"class_list":["post-10","page","type-page","status-publish","hentry"],"yoast_head":"<!-- This site is optimized with the Yoast SEO plugin v26.7 - https:\/\/yoast.com\/wordpress\/plugins\/seo\/ -->\n<title>Legal Notice - Sailing with Calm \u2013 Gastronomic experience<\/title>\n<meta name=\"robots\" content=\"noindex, follow\" \/>\n<meta property=\"og:locale\" content=\"es_ES\" \/>\n<meta property=\"og:type\" content=\"article\" \/>\n<meta property=\"og:title\" content=\"Legal Notice - Sailing with Calm \u2013 Gastronomic experience\" \/>\n<meta property=\"og:description\" content=\"In compliance with the provisions of Article 10 of Law 34\/2002 of July 11, on Information Society Services and Electronic Commerce (LSSI-CE), users are informed of the identifying data of the website owner: Website owner: Name: Sailing With Calm NIF: Y3078710J Address: 07180, Balearic Islands Email: info@gbsailingwithcalm.com Phone: +34 644 657 697 Website: https:\/\/www.gbsailingwithcalm.com Website&hellip;&nbsp;Legal Notice\" \/>\n<meta property=\"og:url\" content=\"https:\/\/gbsailingwithcalm.com\/es\/aviso-legal\/\" \/>\n<meta property=\"og:site_name\" content=\"Sailing with Calm \u2013 Gastronomic experience\" \/>\n<meta property=\"article:modified_time\" content=\"2025-06-05T08:01:51+00:00\" \/>\n<meta name=\"twitter:card\" content=\"summary_large_image\" \/>\n<meta name=\"twitter:label1\" content=\"Tiempo de lectura\" \/>\n\t<meta name=\"twitter:data1\" content=\"2 minutos\" \/>\n<script type=\"application\/ld+json\" class=\"yoast-schema-graph\">{\"@context\":\"https:\/\/schema.org\",\"@graph\":[{\"@type\":\"WebPage\",\"@id\":\"https:\/\/gbsailingwithcalm.com\/aviso-legal\/\",\"url\":\"https:\/\/gbsailingwithcalm.com\/aviso-legal\/\",\"name\":\"Legal Notice - Sailing with Calm \u2013 Gastronomic experience\",\"isPartOf\":{\"@id\":\"https:\/\/gbsailingwithcalm.com\/#website\"},\"datePublished\":\"2024-08-29T11:27:31+00:00\",\"dateModified\":\"2025-06-05T08:01:51+00:00\",\"breadcrumb\":{\"@id\":\"https:\/\/gbsailingwithcalm.com\/aviso-legal\/#breadcrumb\"},\"inLanguage\":\"es\",\"potentialAction\":[{\"@type\":\"ReadAction\",\"target\":[\"https:\/\/gbsailingwithcalm.com\/aviso-legal\/\"]}]},{\"@type\":\"BreadcrumbList\",\"@id\":\"https:\/\/gbsailingwithcalm.com\/aviso-legal\/#breadcrumb\",\"itemListElement\":[{\"@type\":\"ListItem\",\"position\":1,\"name\":\"Portada\",\"item\":\"https:\/\/gbsailingwithcalm.com\/\"},{\"@type\":\"ListItem\",\"position\":2,\"name\":\"Legal Notice\"}]},{\"@type\":\"WebSite\",\"@id\":\"https:\/\/gbsailingwithcalm.com\/#website\",\"url\":\"https:\/\/gbsailingwithcalm.com\/\",\"name\":\"Sailing with Calm \u2013 Gastronomic experience\",\"description\":\"Navega por la bah\u00eda de Palma a bordo de un velero cl\u00e1sico y descubre una experiencia gastron\u00f3mica \u00fanica en el Mediterr\u00e1neo. Salidas privadas con degustaciones de autor, snorkel y puestas de sol inolvidables.\",\"publisher\":{\"@id\":\"https:\/\/gbsailingwithcalm.com\/#organization\"},\"potentialAction\":[{\"@type\":\"SearchAction\",\"target\":{\"@type\":\"EntryPoint\",\"urlTemplate\":\"https:\/\/gbsailingwithcalm.com\/?s={search_term_string}\"},\"query-input\":{\"@type\":\"PropertyValueSpecification\",\"valueRequired\":true,\"valueName\":\"search_term_string\"}}],\"inLanguage\":\"es\"},{\"@type\":\"Organization\",\"@id\":\"https:\/\/gbsailingwithcalm.com\/#organization\",\"name\":\"Sailing with Calm \u2013 Gastronomic experience\",\"url\":\"https:\/\/gbsailingwithcalm.com\/\",\"logo\":{\"@type\":\"ImageObject\",\"inLanguage\":\"es\",\"@id\":\"https:\/\/gbsailingwithcalm.com\/#\/schema\/logo\/image\/\",\"url\":\"https:\/\/gbsailingwithcalm.com\/wp-content\/uploads\/2025\/05\/b3577893ef2c-saling_with_calm_LOGO_TRANSPARENTE.png\",\"contentUrl\":\"https:\/\/gbsailingwithcalm.com\/wp-content\/uploads\/2025\/05\/b3577893ef2c-saling_with_calm_LOGO_TRANSPARENTE.png\",\"width\":534,\"height\":468,\"caption\":\"Sailing with Calm \u2013 Gastronomic experience\"},\"image\":{\"@id\":\"https:\/\/gbsailingwithcalm.com\/#\/schema\/logo\/image\/\"}}]}<\/script>\n<!-- \/ Yoast SEO plugin. -->","yoast_head_json":{"title":"Legal Notice - Sailing with Calm \u2013 Gastronomic experience","robots":{"index":"noindex","follow":"follow"},"og_locale":"es_ES","og_type":"article","og_title":"Legal Notice - Sailing with Calm \u2013 Gastronomic experience","og_description":"In compliance with the provisions of Article 10 of Law 34\/2002 of July 11, on Information Society Services and Electronic Commerce (LSSI-CE), users are informed of the identifying data of the website owner: Website owner: Name: Sailing With Calm NIF: Y3078710J Address: 07180, Balearic Islands Email: info@gbsailingwithcalm.com Phone: +34 644 657 697 Website: https:\/\/www.gbsailingwithcalm.com Website&hellip;&nbsp;Legal Notice","og_url":"https:\/\/gbsailingwithcalm.com\/es\/aviso-legal\/","og_site_name":"Sailing with Calm \u2013 Gastronomic experience","article_modified_time":"2025-06-05T08:01:51+00:00","twitter_card":"summary_large_image","twitter_misc":{"Tiempo de lectura":"2 minutos"},"schema":{"@context":"https:\/\/schema.org","@graph":[{"@type":"WebPage","@id":"https:\/\/gbsailingwithcalm.com\/aviso-legal\/","url":"https:\/\/gbsailingwithcalm.com\/aviso-legal\/","name":"Legal Notice - Sailing with Calm \u2013 Gastronomic experience","isPartOf":{"@id":"https:\/\/gbsailingwithcalm.com\/#website"},"datePublished":"2024-08-29T11:27:31+00:00","dateModified":"2025-06-05T08:01:51+00:00","breadcrumb":{"@id":"https:\/\/gbsailingwithcalm.com\/aviso-legal\/#breadcrumb"},"inLanguage":"es","potentialAction":[{"@type":"ReadAction","target":["https:\/\/gbsailingwithcalm.com\/aviso-legal\/"]}]},{"@type":"BreadcrumbList","@id":"https:\/\/gbsailingwithcalm.com\/aviso-legal\/#breadcrumb","itemListElement":[{"@type":"ListItem","position":1,"name":"Portada","item":"https:\/\/gbsailingwithcalm.com\/"},{"@type":"ListItem","position":2,"name":"Legal Notice"}]},{"@type":"WebSite","@id":"https:\/\/gbsailingwithcalm.com\/#website","url":"https:\/\/gbsailingwithcalm.com\/","name":"Sailing with Calm \u2013 Gastronomic experience","description":"Navega por la bah\u00eda de Palma a bordo de un velero cl\u00e1sico y descubre una experiencia gastron\u00f3mica \u00fanica en el Mediterr\u00e1neo. Salidas privadas con degustaciones de autor, snorkel y puestas de sol inolvidables.","publisher":{"@id":"https:\/\/gbsailingwithcalm.com\/#organization"},"potentialAction":[{"@type":"SearchAction","target":{"@type":"EntryPoint","urlTemplate":"https:\/\/gbsailingwithcalm.com\/?s={search_term_string}"},"query-input":{"@type":"PropertyValueSpecification","valueRequired":true,"valueName":"search_term_string"}}],"inLanguage":"es"},{"@type":"Organization","@id":"https:\/\/gbsailingwithcalm.com\/#organization","name":"Sailing with Calm \u2013 Gastronomic experience","url":"https:\/\/gbsailingwithcalm.com\/","logo":{"@type":"ImageObject","inLanguage":"es","@id":"https:\/\/gbsailingwithcalm.com\/#\/schema\/logo\/image\/","url":"https:\/\/gbsailingwithcalm.com\/wp-content\/uploads\/2025\/05\/b3577893ef2c-saling_with_calm_LOGO_TRANSPARENTE.png","contentUrl":"https:\/\/gbsailingwithcalm.com\/wp-content\/uploads\/2025\/05\/b3577893ef2c-saling_with_calm_LOGO_TRANSPARENTE.png","width":534,"height":468,"caption":"Sailing with Calm \u2013 Gastronomic experience"},"image":{"@id":"https:\/\/gbsailingwithcalm.com\/#\/schema\/logo\/image\/"}}]}},"_links":{"self":[{"href":"https:\/\/gbsailingwithcalm.com\/es\/wp-json\/wp\/v2\/pages\/10","targetHints":{"allow":["GET"]}}],"collection":[{"href":"https:\/\/gbsailingwithcalm.com\/es\/wp-json\/wp\/v2\/pages"}],"about":[{"href":"https:\/\/gbsailingwithcalm.com\/es\/wp-json\/wp\/v2\/types\/page"}],"author":[{"embeddable":true,"href":"https:\/\/gbsailingwithcalm.com\/es\/wp-json\/wp\/v2\/users\/1"}],"replies":[{"embeddable":true,"href":"https:\/\/gbsailingwithcalm.com\/es\/wp-json\/wp\/v2\/comments?post=10"}],"version-history":[{"count":8,"href":"https:\/\/gbsailingwithcalm.com\/es\/wp-json\/wp\/v2\/pages\/10\/revisions"}],"predecessor-version":[{"id":1640,"href":"https:\/\/gbsailingwithcalm.com\/es\/wp-json\/wp\/v2\/pages\/10\/revisions\/1640"}],"wp:attachment":[{"href":"https:\/\/gbsailingwithcalm.com\/es\/wp-json\/wp\/v2\/media?parent=10"}],"curies":[{"name":"wp","href":"https:\/\/api.w.org\/{rel}","templated":true}]}}