{"id":12,"date":"2024-08-29T11:28:24","date_gmt":"2024-08-29T11:28:24","guid":{"rendered":"https:\/\/revolutionsoft.shop\/?page_id=12"},"modified":"2025-06-17T09:37:30","modified_gmt":"2025-06-17T09:37:30","slug":"politica-cookies","status":"publish","type":"page","link":"https:\/\/gbsailingwithcalm.com\/es\/politica-cookies\/","title":{"rendered":"Pol\u00edtica de Cookies"},"content":{"rendered":"<p class=\"\" data-start=\"176\" data-end=\"463\">En <strong data-start=\"179\" data-end=\"216\"><a class=\"\" href=\"https:\/\/gbsailingwithcalm.com\/es\/\" target=\"_new\" rel=\"noopener\" data-start=\"181\" data-end=\"214\">https:\/\/www.gbsailingwithcalm.com<\/a><\/strong> utilizamos cookies para mejorar la experiencia de los usuarios, facilitar la navegaci\u00f3n y optimizar el rendimiento de nuestro sitio web. A continuaci\u00f3n, te explicamos qu\u00e9 son las cookies, qu\u00e9 tipo de cookies utilizamos y c\u00f3mo puedes gestionarlas.<\/p>\n<hr class=\"\" data-start=\"465\" data-end=\"468\" \/>\n<h3 class=\"\" data-start=\"470\" data-end=\"499\"><strong data-start=\"474\" data-end=\"499\">\u00bfQu\u00e9 son las Cookies?<\/strong><\/h3>\n<p class=\"\" data-start=\"501\" data-end=\"835\">Las cookies son peque\u00f1os archivos de texto que se almacenan en el dispositivo del usuario (ordenador, smartphone, tablet, etc.) cuando visita un sitio web. Estas cookies permiten que el sitio web recuerde informaci\u00f3n sobre tu visita, como el idioma preferido, los productos que has a\u00f1adido al carrito o tus preferencias de navegaci\u00f3n.<\/p>\n<hr class=\"\" data-start=\"837\" data-end=\"840\" \/>\n<h3 class=\"\" data-start=\"842\" data-end=\"877\"><strong data-start=\"846\" data-end=\"877\">Tipos de Cookies Utilizadas<\/strong><\/h3>\n<ul data-start=\"879\" data-end=\"2256\">\n<li class=\"\" data-start=\"879\" data-end=\"1124\">\n<p class=\"\" data-start=\"881\" data-end=\"1124\"><strong data-start=\"881\" data-end=\"915\">Cookies T\u00e9cnicas o Necesarias:<\/strong><br data-start=\"915\" data-end=\"918\" \/>Estas cookies son esenciales para el funcionamiento del sitio web y permiten al usuario navegar por el sitio y utilizar sus funciones b\u00e1sicas, como el acceso a \u00e1reas seguras o el procesamiento de un pedido.<\/p>\n<\/li>\n<li class=\"\" data-start=\"1126\" data-end=\"1298\">\n<p class=\"\" data-start=\"1128\" data-end=\"1298\"><strong data-start=\"1128\" data-end=\"1156\">Cookies de Preferencias:<\/strong><br data-start=\"1156\" data-end=\"1159\" \/>Permiten recordar las preferencias del usuario, como el idioma o la configuraci\u00f3n regional, para mejorar la experiencia en futuras visitas.<\/p>\n<\/li>\n<li class=\"\" data-start=\"1300\" data-end=\"1621\">\n<p class=\"\" data-start=\"1302\" data-end=\"1621\"><strong data-start=\"1302\" data-end=\"1340\">Cookies de An\u00e1lisis o Rendimiento:<\/strong><br data-start=\"1340\" data-end=\"1343\" \/>Estas cookies recopilan informaci\u00f3n sobre c\u00f3mo los usuarios interact\u00faan con el sitio web, como las p\u00e1ginas que m\u00e1s visitan, los enlaces en los que hacen clic o el tiempo que pasan en el sitio. Esta informaci\u00f3n nos ayuda a mejorar el rendimiento y la funcionalidad del sitio web.<\/p>\n<\/li>\n<li class=\"\" data-start=\"1623\" data-end=\"1973\">\n<p class=\"\" data-start=\"1625\" data-end=\"1973\"><strong data-start=\"1625\" data-end=\"1663\">Cookies de Publicidad o Marketing:<\/strong><br data-start=\"1663\" data-end=\"1666\" \/>Utilizamos estas cookies para mostrar anuncios m\u00e1s relevantes para los usuarios en funci\u00f3n de sus intereses, tanto en nuestro sitio como en otros sitios web. Estas cookies tambi\u00e9n limitan el n\u00famero de veces que un usuario ve un anuncio y nos ayudan a medir la efectividad de nuestras campa\u00f1as publicitarias.<\/p>\n<\/li>\n<li class=\"\" data-start=\"1975\" data-end=\"2256\">\n<p class=\"\" data-start=\"1977\" data-end=\"2256\"><strong data-start=\"1977\" data-end=\"2001\">Cookies de Terceros:<\/strong><br data-start=\"2001\" data-end=\"2004\" \/>En algunas secciones de nuestro sitio web pueden instalarse cookies de terceros, como Google Analytics, para el an\u00e1lisis de datos y redes sociales (como botones de compartir). Estas cookies son gestionadas por terceros y no por <strong data-start=\"2232\" data-end=\"2255\"><b>Sailing with Calm<\/b><\/strong>.<\/p>\n<\/li>\n<\/ul>\n<hr class=\"\" data-start=\"2258\" data-end=\"2261\" \/>\n<h3 class=\"\" data-start=\"2263\" data-end=\"2299\"><strong data-start=\"2267\" data-end=\"2299\">\u00bfC\u00f3mo gestionar las Cookies?<\/strong><\/h3>\n<p class=\"\" data-start=\"2301\" data-end=\"2581\">Al acceder a nuestro sitio web por primera vez, ver\u00e1s un banner de cookies que te permitir\u00e1 aceptar o configurar el uso de las cookies de acuerdo con tus preferencias. En cualquier momento, puedes gestionar tus preferencias de cookies a trav\u00e9s de la configuraci\u00f3n de tu navegador:<\/p>\n<ul data-start=\"2583\" data-end=\"3148\">\n<li class=\"\" data-start=\"2583\" data-end=\"2694\">\n<p class=\"\" data-start=\"2585\" data-end=\"2694\"><strong data-start=\"2585\" data-end=\"2603\">Google Chrome:<\/strong> <a class=\"\" href=\"https:\/\/support.google.com\/chrome\/answer\/95647?hl=es\" target=\"_new\" rel=\"noopener\" data-start=\"2604\" data-end=\"2692\">Enlace a configuraci\u00f3n de Chrome<\/a><\/p>\n<\/li>\n<li class=\"\" data-start=\"2695\" data-end=\"2856\">\n<p class=\"\" data-start=\"2697\" data-end=\"2856\"><strong data-start=\"2697\" data-end=\"2717\">Mozilla Firefox:<\/strong> <a class=\"\" href=\"https:\/\/support.mozilla.org\/es\/kb\/habilitar-y-deshabilitar-cookies-sitios-web-rastrear-preferencias\" target=\"_new\" rel=\"noopener\" data-start=\"2718\" data-end=\"2854\">Enlace a configuraci\u00f3n de Firefox<\/a><\/p>\n<\/li>\n<li class=\"\" data-start=\"2857\" data-end=\"2967\">\n<p class=\"\" data-start=\"2859\" data-end=\"2967\"><strong data-start=\"2859\" data-end=\"2870\">Safari:<\/strong> <a class=\"\" href=\"https:\/\/support.apple.com\/es-es\/guide\/safari\/sfri11471\/mac\" target=\"_new\" rel=\"noopener\" data-start=\"2871\" data-end=\"2965\">Enlace a configuraci\u00f3n de Safari<\/a><\/p>\n<\/li>\n<li class=\"\" data-start=\"2968\" data-end=\"3148\">\n<p class=\"\" data-start=\"2970\" data-end=\"3148\"><strong data-start=\"2970\" data-end=\"2989\">Microsoft Edge:<\/strong> <a class=\"\" href=\"https:\/\/support.microsoft.com\/es-es\/microsoft-edge\/borrar-las-cookies-en-microsoft-edge-63947406-40ac-c3b8-57b9-2a946a29ae09\" target=\"_new\" rel=\"noopener\" data-start=\"2990\" data-end=\"3148\">Enlace a configuraci\u00f3n de Edge<\/a><\/p>\n<\/li>\n<\/ul>\n<p class=\"\" data-start=\"3150\" data-end=\"3315\">Si deshabilitas las cookies, es posible que algunas funcionalidades de nuestro sitio web no funcionen correctamente o que la experiencia del usuario se vea afectada.<\/p>\n<hr class=\"\" data-start=\"3317\" data-end=\"3320\" \/>\n<h3 class=\"\" data-start=\"3322\" data-end=\"3366\"><strong data-start=\"3326\" data-end=\"3366\">Cookies utilizadas en este sitio web<\/strong><\/h3>\n<p class=\"\" data-start=\"3368\" data-end=\"3460\">A continuaci\u00f3n, ofrecemos una lista de las principales cookies utilizadas en nuestro sitio:<\/p>\n<div class=\"_tableContainer_16hzy_1\">\n<div class=\"_tableWrapper_16hzy_14 group flex w-fit flex-col-reverse\" tabindex=\"-1\">\n<table class=\"w-fit min-w-(--thread-content-width)\" data-start=\"3462\" data-end=\"3957\">\n<thead data-start=\"3462\" data-end=\"3520\">\n<tr data-start=\"3462\" data-end=\"3520\">\n<th data-start=\"3462\" data-end=\"3484\" data-col-size=\"sm\">Nombre de la Cookie<\/th>\n<th data-start=\"3484\" data-end=\"3496\" data-col-size=\"sm\">Proveedor<\/th>\n<th data-start=\"3496\" data-end=\"3508\" data-col-size=\"md\">Prop\u00f3sito<\/th>\n<th data-start=\"3508\" data-end=\"3520\" data-col-size=\"sm\">Duraci\u00f3n<\/th>\n<\/tr>\n<\/thead>\n<tbody data-start=\"3580\" data-end=\"3957\">\n<tr data-start=\"3580\" data-end=\"3675\">\n<td data-start=\"3580\" data-end=\"3602\" data-col-size=\"sm\">CookieConsent<\/td>\n<td data-start=\"3602\" data-end=\"3614\" data-col-size=\"sm\">Propia<\/td>\n<td data-col-size=\"md\" data-start=\"3614\" data-end=\"3666\">Almacena el consentimiento de cookies del usuario<\/td>\n<td data-col-size=\"sm\" data-start=\"3666\" data-end=\"3675\">1 a\u00f1o<\/td>\n<\/tr>\n<tr data-start=\"3676\" data-end=\"3764\">\n<td data-start=\"3676\" data-end=\"3698\" data-col-size=\"sm\">_ga<\/td>\n<td data-start=\"3698\" data-end=\"3710\" data-col-size=\"sm\">Google<\/td>\n<td data-start=\"3710\" data-end=\"3754\" data-col-size=\"md\">Se utiliza para distinguir a los usuarios<\/td>\n<td data-col-size=\"sm\" data-start=\"3754\" data-end=\"3764\">2 a\u00f1os<\/td>\n<\/tr>\n<tr data-start=\"3765\" data-end=\"3855\">\n<td data-start=\"3765\" data-end=\"3787\" data-col-size=\"sm\">_gid<\/td>\n<td data-col-size=\"sm\" data-start=\"3787\" data-end=\"3799\">Google<\/td>\n<td data-col-size=\"md\" data-start=\"3799\" data-end=\"3843\">Se utiliza para distinguir a los usuarios<\/td>\n<td data-col-size=\"sm\" data-start=\"3843\" data-end=\"3855\">24 horas<\/td>\n<\/tr>\n<tr data-start=\"3856\" data-end=\"3957\">\n<td data-start=\"3856\" data-end=\"3878\" data-col-size=\"sm\">_gat<\/td>\n<td data-col-size=\"sm\" data-start=\"3878\" data-end=\"3890\">Google<\/td>\n<td data-col-size=\"md\" data-start=\"3890\" data-end=\"3945\">Se utiliza para limitar el porcentaje de solicitudes<\/td>\n<td data-col-size=\"sm\" data-start=\"3945\" data-end=\"3957\">1 minuto<\/td>\n<\/tr>\n<\/tbody>\n<\/table>\n<div class=\"sticky end-(--thread-content-margin) h-0 self-end select-none\">\n<div class=\"absolute end-0 flex items-end\"><\/div>\n<\/div>\n<\/div>\n<\/div>\n<hr class=\"\" data-start=\"3959\" data-end=\"3962\" \/>\n<h3 class=\"\" data-start=\"3964\" data-end=\"4023\"><strong data-start=\"3968\" data-end=\"4023\">Actualizaciones y cambios en la Pol\u00edtica de Cookies<\/strong><\/h3>\n<p class=\"\" data-start=\"4025\" data-end=\"4290\"><b>Sailing with Calm<\/b>\u00a0se reserva el derecho de modificar esta Pol\u00edtica de Cookies en cualquier momento. Cualquier cambio ser\u00e1 publicado en este sitio web. Te recomendamos revisar esta pol\u00edtica peri\u00f3dicamente para estar informado sobre c\u00f3mo utilizamos las cookies.<\/p>\n<hr class=\"\" data-start=\"4292\" data-end=\"4295\" \/>\n<h3 class=\"\" data-start=\"4297\" data-end=\"4313\"><strong data-start=\"4297\" data-end=\"4313\">Contacto<\/strong><\/h3>\n<p class=\"\" data-start=\"4315\" data-end=\"4474\">Si tienes alguna pregunta o inquietud sobre esta pol\u00edtica de cookies, puedes contactarnos en <a href=\"mailto:info@gbsailingwithcalm.com\">info@gbsailingwithcalm.com<\/a> .<\/p>","protected":false},"excerpt":{"rendered":"<p>At https:\/\/www.gbsailingwithcalm.com we use cookies to improve user experience, facilitate navigation, and optimize the performance of our website. Below, we explain what cookies are, what types of cookies we use, and how you can manage them. What are Cookies? Cookies are small text files stored on the user\u2019s device (computer, smartphone, tablet, etc.) when visiting&hellip;&nbsp;<a href=\"https:\/\/gbsailingwithcalm.com\/es\/politica-cookies\/\" rel=\"bookmark\"><span class=\"screen-reader-text\">Pol\u00edtica de Cookies<\/span><\/a><\/p>","protected":false},"author":1,"featured_media":0,"parent":0,"menu_order":0,"comment_status":"closed","ping_status":"closed","template":"","meta":{"neve_meta_sidebar":"","neve_meta_container":"","neve_meta_enable_content_width":"off","neve_meta_content_width":100,"neve_meta_title_alignment":"","neve_meta_author_avatar":"","neve_post_elements_order":"","neve_meta_disable_header":"","neve_meta_disable_footer":"","neve_meta_disable_title":"","_joinchat":[],"footnotes":""},"class_list":["post-12","page","type-page","status-publish","hentry"],"yoast_head":"<!-- This site is optimized with the Yoast SEO plugin v26.7 - https:\/\/yoast.com\/wordpress\/plugins\/seo\/ -->\n<title>Cookies Policy - Sailing with Calm \u2013 Gastronomic experience<\/title>\n<meta name=\"robots\" content=\"noindex, follow\" \/>\n<meta property=\"og:locale\" content=\"es_ES\" \/>\n<meta property=\"og:type\" content=\"article\" \/>\n<meta property=\"og:title\" content=\"Cookies Policy - Sailing with Calm \u2013 Gastronomic experience\" \/>\n<meta property=\"og:description\" content=\"At https:\/\/www.gbsailingwithcalm.com we use cookies to improve user experience, facilitate navigation, and optimize the performance of our website. Below, we explain what cookies are, what types of cookies we use, and how you can manage them. What are Cookies? Cookies are small text files stored on the user\u2019s device (computer, smartphone, tablet, etc.) when visiting&hellip;&nbsp;Cookies Policy\" \/>\n<meta property=\"og:url\" content=\"https:\/\/gbsailingwithcalm.com\/es\/politica-cookies\/\" \/>\n<meta property=\"og:site_name\" content=\"Sailing with Calm \u2013 Gastronomic experience\" \/>\n<meta property=\"article:modified_time\" content=\"2025-06-17T09:37:30+00:00\" \/>\n<meta name=\"twitter:card\" content=\"summary_large_image\" \/>\n<meta name=\"twitter:label1\" content=\"Tiempo de lectura\" \/>\n\t<meta name=\"twitter:data1\" content=\"3 minutos\" \/>\n<script type=\"application\/ld+json\" class=\"yoast-schema-graph\">{\"@context\":\"https:\/\/schema.org\",\"@graph\":[{\"@type\":\"WebPage\",\"@id\":\"https:\/\/gbsailingwithcalm.com\/politica-cookies\/\",\"url\":\"https:\/\/gbsailingwithcalm.com\/politica-cookies\/\",\"name\":\"Cookies Policy - Sailing with Calm \u2013 Gastronomic experience\",\"isPartOf\":{\"@id\":\"https:\/\/gbsailingwithcalm.com\/#website\"},\"datePublished\":\"2024-08-29T11:28:24+00:00\",\"dateModified\":\"2025-06-17T09:37:30+00:00\",\"breadcrumb\":{\"@id\":\"https:\/\/gbsailingwithcalm.com\/politica-cookies\/#breadcrumb\"},\"inLanguage\":\"es\",\"potentialAction\":[{\"@type\":\"ReadAction\",\"target\":[\"https:\/\/gbsailingwithcalm.com\/politica-cookies\/\"]}]},{\"@type\":\"BreadcrumbList\",\"@id\":\"https:\/\/gbsailingwithcalm.com\/politica-cookies\/#breadcrumb\",\"itemListElement\":[{\"@type\":\"ListItem\",\"position\":1,\"name\":\"Portada\",\"item\":\"https:\/\/gbsailingwithcalm.com\/\"},{\"@type\":\"ListItem\",\"position\":2,\"name\":\"Cookies Policy\"}]},{\"@type\":\"WebSite\",\"@id\":\"https:\/\/gbsailingwithcalm.com\/#website\",\"url\":\"https:\/\/gbsailingwithcalm.com\/\",\"name\":\"Sailing with Calm \u2013 Gastronomic experience\",\"description\":\"Navega por la bah\u00eda de Palma a bordo de un velero cl\u00e1sico y descubre una experiencia gastron\u00f3mica \u00fanica en el Mediterr\u00e1neo. Salidas privadas con degustaciones de autor, snorkel y puestas de sol inolvidables.\",\"publisher\":{\"@id\":\"https:\/\/gbsailingwithcalm.com\/#organization\"},\"potentialAction\":[{\"@type\":\"SearchAction\",\"target\":{\"@type\":\"EntryPoint\",\"urlTemplate\":\"https:\/\/gbsailingwithcalm.com\/?s={search_term_string}\"},\"query-input\":{\"@type\":\"PropertyValueSpecification\",\"valueRequired\":true,\"valueName\":\"search_term_string\"}}],\"inLanguage\":\"es\"},{\"@type\":\"Organization\",\"@id\":\"https:\/\/gbsailingwithcalm.com\/#organization\",\"name\":\"Sailing with Calm \u2013 Gastronomic experience\",\"url\":\"https:\/\/gbsailingwithcalm.com\/\",\"logo\":{\"@type\":\"ImageObject\",\"inLanguage\":\"es\",\"@id\":\"https:\/\/gbsailingwithcalm.com\/#\/schema\/logo\/image\/\",\"url\":\"https:\/\/gbsailingwithcalm.com\/wp-content\/uploads\/2025\/05\/b3577893ef2c-saling_with_calm_LOGO_TRANSPARENTE.png\",\"contentUrl\":\"https:\/\/gbsailingwithcalm.com\/wp-content\/uploads\/2025\/05\/b3577893ef2c-saling_with_calm_LOGO_TRANSPARENTE.png\",\"width\":534,\"height\":468,\"caption\":\"Sailing with Calm \u2013 Gastronomic experience\"},\"image\":{\"@id\":\"https:\/\/gbsailingwithcalm.com\/#\/schema\/logo\/image\/\"}}]}<\/script>\n<!-- \/ Yoast SEO plugin. -->","yoast_head_json":{"title":"Cookies Policy - Sailing with Calm \u2013 Gastronomic experience","robots":{"index":"noindex","follow":"follow"},"og_locale":"es_ES","og_type":"article","og_title":"Cookies Policy - Sailing with Calm \u2013 Gastronomic experience","og_description":"At https:\/\/www.gbsailingwithcalm.com we use cookies to improve user experience, facilitate navigation, and optimize the performance of our website. Below, we explain what cookies are, what types of cookies we use, and how you can manage them. What are Cookies? Cookies are small text files stored on the user\u2019s device (computer, smartphone, tablet, etc.) when visiting&hellip;&nbsp;Cookies Policy","og_url":"https:\/\/gbsailingwithcalm.com\/es\/politica-cookies\/","og_site_name":"Sailing with Calm \u2013 Gastronomic experience","article_modified_time":"2025-06-17T09:37:30+00:00","twitter_card":"summary_large_image","twitter_misc":{"Tiempo de lectura":"3 minutos"},"schema":{"@context":"https:\/\/schema.org","@graph":[{"@type":"WebPage","@id":"https:\/\/gbsailingwithcalm.com\/politica-cookies\/","url":"https:\/\/gbsailingwithcalm.com\/politica-cookies\/","name":"Cookies Policy - Sailing with Calm \u2013 Gastronomic experience","isPartOf":{"@id":"https:\/\/gbsailingwithcalm.com\/#website"},"datePublished":"2024-08-29T11:28:24+00:00","dateModified":"2025-06-17T09:37:30+00:00","breadcrumb":{"@id":"https:\/\/gbsailingwithcalm.com\/politica-cookies\/#breadcrumb"},"inLanguage":"es","potentialAction":[{"@type":"ReadAction","target":["https:\/\/gbsailingwithcalm.com\/politica-cookies\/"]}]},{"@type":"BreadcrumbList","@id":"https:\/\/gbsailingwithcalm.com\/politica-cookies\/#breadcrumb","itemListElement":[{"@type":"ListItem","position":1,"name":"Portada","item":"https:\/\/gbsailingwithcalm.com\/"},{"@type":"ListItem","position":2,"name":"Cookies Policy"}]},{"@type":"WebSite","@id":"https:\/\/gbsailingwithcalm.com\/#website","url":"https:\/\/gbsailingwithcalm.com\/","name":"Sailing with Calm \u2013 Gastronomic experience","description":"Navega por la bah\u00eda de Palma a bordo de un velero cl\u00e1sico y descubre una experiencia gastron\u00f3mica \u00fanica en el Mediterr\u00e1neo. Salidas privadas con degustaciones de autor, snorkel y puestas de sol inolvidables.","publisher":{"@id":"https:\/\/gbsailingwithcalm.com\/#organization"},"potentialAction":[{"@type":"SearchAction","target":{"@type":"EntryPoint","urlTemplate":"https:\/\/gbsailingwithcalm.com\/?s={search_term_string}"},"query-input":{"@type":"PropertyValueSpecification","valueRequired":true,"valueName":"search_term_string"}}],"inLanguage":"es"},{"@type":"Organization","@id":"https:\/\/gbsailingwithcalm.com\/#organization","name":"Sailing with Calm \u2013 Gastronomic experience","url":"https:\/\/gbsailingwithcalm.com\/","logo":{"@type":"ImageObject","inLanguage":"es","@id":"https:\/\/gbsailingwithcalm.com\/#\/schema\/logo\/image\/","url":"https:\/\/gbsailingwithcalm.com\/wp-content\/uploads\/2025\/05\/b3577893ef2c-saling_with_calm_LOGO_TRANSPARENTE.png","contentUrl":"https:\/\/gbsailingwithcalm.com\/wp-content\/uploads\/2025\/05\/b3577893ef2c-saling_with_calm_LOGO_TRANSPARENTE.png","width":534,"height":468,"caption":"Sailing with Calm \u2013 Gastronomic experience"},"image":{"@id":"https:\/\/gbsailingwithcalm.com\/#\/schema\/logo\/image\/"}}]}},"_links":{"self":[{"href":"https:\/\/gbsailingwithcalm.com\/es\/wp-json\/wp\/v2\/pages\/12","targetHints":{"allow":["GET"]}}],"collection":[{"href":"https:\/\/gbsailingwithcalm.com\/es\/wp-json\/wp\/v2\/pages"}],"about":[{"href":"https:\/\/gbsailingwithcalm.com\/es\/wp-json\/wp\/v2\/types\/page"}],"author":[{"embeddable":true,"href":"https:\/\/gbsailingwithcalm.com\/es\/wp-json\/wp\/v2\/users\/1"}],"replies":[{"embeddable":true,"href":"https:\/\/gbsailingwithcalm.com\/es\/wp-json\/wp\/v2\/comments?post=12"}],"version-history":[{"count":9,"href":"https:\/\/gbsailingwithcalm.com\/es\/wp-json\/wp\/v2\/pages\/12\/revisions"}],"predecessor-version":[{"id":1644,"href":"https:\/\/gbsailingwithcalm.com\/es\/wp-json\/wp\/v2\/pages\/12\/revisions\/1644"}],"wp:attachment":[{"href":"https:\/\/gbsailingwithcalm.com\/es\/wp-json\/wp\/v2\/media?parent=12"}],"curies":[{"name":"wp","href":"https:\/\/api.w.org\/{rel}","templated":true}]}}