{"id":1469,"date":"2025-05-29T11:46:52","date_gmt":"2025-05-29T11:46:52","guid":{"rendered":"https:\/\/gbsailingwithcalm.com\/?page_id=1469"},"modified":"2026-01-15T15:25:16","modified_gmt":"2026-01-15T15:25:16","slug":"why-choose-us","status":"publish","type":"page","link":"https:\/\/gbsailingwithcalm.com\/es\/why-choose-us\/","title":{"rendered":"Por qu\u00e9 elegirnos"},"content":{"rendered":"<div data-elementor-type=\"wp-page\" data-elementor-id=\"1469\" class=\"elementor elementor-1469\" data-elementor-post-type=\"page\">\n\t\t\t\t<div data-particle_enable=\"false\" data-particle-mobile-disabled=\"false\" class=\"elementor-element elementor-element-951a5d3 e-con-full e-flex e-con e-parent\" data-id=\"951a5d3\" data-element_type=\"container\">\n\t\t\t\t<div class=\"elementor-element elementor-element-2a167a0 elementor-widget elementor-widget-video\" data-id=\"2a167a0\" data-element_type=\"widget\" data-settings=\"{&quot;video_type&quot;:&quot;hosted&quot;,&quot;autoplay&quot;:&quot;yes&quot;,&quot;play_on_mobile&quot;:&quot;yes&quot;,&quot;controls&quot;:&quot;yes&quot;}\" data-widget_type=\"video.default\">\n\t\t\t\t<div class=\"elementor-widget-container\">\n\t\t\t\t\t\t\t<div class=\"e-hosted-video elementor-wrapper elementor-open-inline\">\n\t\t\t\t\t<video class=\"elementor-video\" src=\"https:\/\/gbsailingwithcalm.com\/wp-content\/uploads\/2025\/08\/sailing-with-calm-1.mp4\" autoplay=\"\" controls=\"\" playsinline=\"\" controlslist=\"nodownload\"><\/video>\n\t\t\t\t<\/div>\n\t\t\t\t\t\t<\/div>\n\t\t\t\t<\/div>\n\t\t\t\t<\/div>\n\t\t<div data-particle_enable=\"false\" data-particle-mobile-disabled=\"false\" class=\"elementor-element elementor-element-d423eea e-con-full elementor-hidden-mobile e-flex e-con e-parent\" data-id=\"d423eea\" data-element_type=\"container\" data-settings=\"{&quot;background_background&quot;:&quot;classic&quot;}\">\n\t\t<div data-particle_enable=\"false\" data-particle-mobile-disabled=\"false\" class=\"elementor-element elementor-element-cbfa042 e-con-full e-flex e-con e-child\" data-id=\"cbfa042\" data-element_type=\"container\">\n\t\t\t\t<div class=\"elementor-element elementor-element-17140ca elementor-invisible elementor-widget elementor-widget-heading\" data-id=\"17140ca\" data-element_type=\"widget\" data-settings=\"{&quot;_animation&quot;:&quot;fadeInUp&quot;}\" data-widget_type=\"heading.default\">\n\t\t\t\t<div class=\"elementor-widget-container\">\n\t\t\t\t\t<h1 class=\"elementor-heading-title elementor-size-default\">WHY YOU SHOULD CHOOSE US?\n<\/h1>\t\t\t\t<\/div>\n\t\t\t\t<\/div>\n\t\t\t\t<\/div>\n\t\t\t\t<\/div>\n\t\t<div data-particle_enable=\"false\" data-particle-mobile-disabled=\"false\" class=\"elementor-element elementor-element-3eea7de e-con-full e-flex e-con e-parent\" data-id=\"3eea7de\" data-element_type=\"container\" data-settings=\"{&quot;background_background&quot;:&quot;classic&quot;}\">\n\t\t<div data-particle_enable=\"false\" data-particle-mobile-disabled=\"false\" class=\"elementor-element elementor-element-f2758bc e-con-full e-flex e-con e-child\" data-id=\"f2758bc\" data-element_type=\"container\">\n\t\t<div data-particle_enable=\"false\" data-particle-mobile-disabled=\"false\" class=\"elementor-element elementor-element-bd925ce e-con-full e-flex e-con e-child\" data-id=\"bd925ce\" data-element_type=\"container\">\n\t\t<div data-particle_enable=\"false\" data-particle-mobile-disabled=\"false\" class=\"elementor-element elementor-element-1f248a9 e-con-full e-flex e-con e-child\" data-id=\"1f248a9\" data-element_type=\"container\" data-settings=\"{&quot;background_background&quot;:&quot;classic&quot;}\">\n\t\t\t\t<div class=\"elementor-element elementor-element-1dfd5bb elementor-widget elementor-widget-heading\" data-id=\"1dfd5bb\" data-element_type=\"widget\" data-widget_type=\"heading.default\">\n\t\t\t\t<div class=\"elementor-widget-container\">\n\t\t\t\t\t<h2 class=\"elementor-heading-title elementor-size-default\">\u00bfQu\u00e9 nos diferencia de los dem\u00e1s y nos hace tan\nexclusivos?\n<\/h2>\t\t\t\t<\/div>\n\t\t\t\t<\/div>\n\t\t\t\t<\/div>\n\t\t\t\t<div class=\"elementor-element elementor-element-5938173 elementor-widget elementor-widget-heading\" data-id=\"5938173\" data-element_type=\"widget\" data-widget_type=\"heading.default\">\n\t\t\t\t<div class=\"elementor-widget-container\">\n\t\t\t\t\t<h3 class=\"elementor-heading-title elementor-size-default\">BBQ KAMADO\n<\/h3>\t\t\t\t<\/div>\n\t\t\t\t<\/div>\n\t\t\t\t<div class=\"elementor-element elementor-element-e026261 elementor-widget elementor-widget-text-editor\" data-id=\"e026261\" data-element_type=\"widget\" data-widget_type=\"text-editor.default\">\n\t\t\t\t<div class=\"elementor-widget-container\">\n\t\t\t\t\t\t\t\t\t<p>Nuestros men\u00fas est\u00e1n dise\u00f1ados para sacar el m\u00e1ximo provecho de nuestra\nbarbacoa al carb\u00f3n, el impresionante y llamativo Horno de Kamado. Es la\naut\u00e9ntica joya dentro del mundo de las barbacoas. El Kamado nos permite\nofrecer sabores y texturas \u00fanicas e inconfundibles. Es una herramienta\nfundamental e imprescindible en nuestra cocina que nos distingue y hace\n\u00fanicos en Mallorca. Nuestro Chef, verdadero experto en el manejo de los\nKamados, garantiza una experiencia culinaria excepcional para los amantes de la\ncomida a las brasas.<\/p>\t\t\t\t\t\t\t\t<\/div>\n\t\t\t\t<\/div>\n\t\t\t\t<div class=\"elementor-element elementor-element-4d31d22 elementor-widget elementor-widget-gallery\" data-id=\"4d31d22\" data-element_type=\"widget\" data-settings=\"{&quot;columns&quot;:2,&quot;gap&quot;:{&quot;unit&quot;:&quot;px&quot;,&quot;size&quot;:35,&quot;sizes&quot;:[]},&quot;aspect_ratio&quot;:&quot;4:3&quot;,&quot;lazyload&quot;:&quot;yes&quot;,&quot;gallery_layout&quot;:&quot;grid&quot;,&quot;columns_tablet&quot;:2,&quot;columns_mobile&quot;:1,&quot;gap_tablet&quot;:{&quot;unit&quot;:&quot;px&quot;,&quot;size&quot;:10,&quot;sizes&quot;:[]},&quot;gap_mobile&quot;:{&quot;unit&quot;:&quot;px&quot;,&quot;size&quot;:10,&quot;sizes&quot;:[]},&quot;content_hover_animation&quot;:&quot;fade-in&quot;}\" data-widget_type=\"gallery.default\">\n\t\t\t\t<div class=\"elementor-widget-container\">\n\t\t\t\t\t\t\t<div class=\"elementor-gallery__container\">\n\t\t\t\t\t\t\t<div class=\"e-gallery-item elementor-gallery-item elementor-animated-content\">\n\t\t\t\t\t<div class=\"e-gallery-image elementor-gallery-item__image\" data-thumbnail=\"https:\/\/gbsailingwithcalm.com\/wp-content\/uploads\/2025\/07\/BBQ-KAMADO.jpg\" data-width=\"1575\" data-height=\"2362\" aria-label=\"\" role=\"img\" ><\/div>\n\t\t\t\t\t\t\t\t\t\t\t\t\t\t<\/div>\n\t\t\t\t\t\t\t<div class=\"e-gallery-item elementor-gallery-item elementor-animated-content\">\n\t\t\t\t\t<div class=\"e-gallery-image elementor-gallery-item__image\" data-thumbnail=\"https:\/\/gbsailingwithcalm.com\/wp-content\/uploads\/2025\/07\/BBQ-KAMADO-2.jpg\" data-width=\"2362\" data-height=\"1575\" aria-label=\"Gourmet food being cooked on board a classic sailboat\" role=\"img\" ><\/div>\n\t\t\t\t\t\t\t\t\t\t\t\t\t\t<\/div>\n\t\t\t\t\t<\/div>\n\t\t\t\t\t<\/div>\n\t\t\t\t<\/div>\n\t\t\t\t<div class=\"elementor-element elementor-element-d6a39ff elementor-widget elementor-widget-heading\" data-id=\"d6a39ff\" data-element_type=\"widget\" data-widget_type=\"heading.default\">\n\t\t\t\t<div class=\"elementor-widget-container\">\n\t\t\t\t\t<h3 class=\"elementor-heading-title elementor-size-default\">KAMADO SAN\n<\/h3>\t\t\t\t<\/div>\n\t\t\t\t<\/div>\n\t\t\t\t<div class=\"elementor-element elementor-element-ac2376f elementor-widget elementor-widget-text-editor\" data-id=\"ac2376f\" data-element_type=\"widget\" data-widget_type=\"text-editor.default\">\n\t\t\t\t<div class=\"elementor-widget-container\">\n\t\t\t\t\t\t\t\t\t<p>Como amantes de la cocina tradicional japonesa, aplicamos la filosof\u00eda de\nm\u00e1ximo respeto en el trato de la materia prima. Gracias a nuestra incansable\nb\u00fasqueda del sabor original, llegamos a las ra\u00edces de la tradici\u00f3n. Logramos\nconseguir la espectacular y milenaria arrocera de cer\u00e1mica Kamado San,\nfabricada artesanalmente desde hace siglos en la ciudad Iga, Jap\u00f3n.<br \/>Este tipo de arrocera (que lamentablemente est\u00e1 cayendo en desuso por su\ncomplejidad), es apreciada por su capacidad para preservar los sabores\nnaturales del arroz. Estas peculiaridades la hacen ideal para quienes buscan una\nexperiencia autentica y de alta calidad en la preparaci\u00f3n del arroz. <br \/>Nuestro arroz, Shinju Mai grado premium, elaborado en Kamado San, te\ntransportara a los sabores m\u00e1s puros y genuinos de Jap\u00f3n. <\/p>\t\t\t\t\t\t\t\t<\/div>\n\t\t\t\t<\/div>\n\t\t\t\t<div class=\"elementor-element elementor-element-e1d9860 elementor-widget elementor-widget-gallery\" data-id=\"e1d9860\" data-element_type=\"widget\" data-settings=\"{&quot;columns&quot;:2,&quot;gap&quot;:{&quot;unit&quot;:&quot;px&quot;,&quot;size&quot;:35,&quot;sizes&quot;:[]},&quot;aspect_ratio&quot;:&quot;4:3&quot;,&quot;lazyload&quot;:&quot;yes&quot;,&quot;gallery_layout&quot;:&quot;grid&quot;,&quot;columns_tablet&quot;:2,&quot;columns_mobile&quot;:1,&quot;gap_tablet&quot;:{&quot;unit&quot;:&quot;px&quot;,&quot;size&quot;:10,&quot;sizes&quot;:[]},&quot;gap_mobile&quot;:{&quot;unit&quot;:&quot;px&quot;,&quot;size&quot;:10,&quot;sizes&quot;:[]},&quot;content_hover_animation&quot;:&quot;fade-in&quot;}\" data-widget_type=\"gallery.default\">\n\t\t\t\t<div class=\"elementor-widget-container\">\n\t\t\t\t\t\t\t<div class=\"elementor-gallery__container\">\n\t\t\t\t\t\t\t<div class=\"e-gallery-item elementor-gallery-item elementor-animated-content\">\n\t\t\t\t\t<div class=\"e-gallery-image elementor-gallery-item__image\" data-thumbnail=\"https:\/\/gbsailingwithcalm.com\/wp-content\/uploads\/2025\/07\/KAMADO-SAN-scaled.jpg\" data-width=\"1920\" data-height=\"2560\" aria-label=\"\" role=\"img\" ><\/div>\n\t\t\t\t\t\t\t\t\t\t\t\t\t\t<\/div>\n\t\t\t\t\t\t\t<div class=\"e-gallery-item elementor-gallery-item elementor-animated-content\">\n\t\t\t\t\t<div class=\"e-gallery-image elementor-gallery-item__image\" data-thumbnail=\"https:\/\/gbsailingwithcalm.com\/wp-content\/uploads\/2025\/07\/KAMADO-SAN-2-scaled.jpg\" data-width=\"1707\" data-height=\"2560\" aria-label=\"\" role=\"img\" ><\/div>\n\t\t\t\t\t\t\t\t\t\t\t\t\t\t<\/div>\n\t\t\t\t\t<\/div>\n\t\t\t\t\t<\/div>\n\t\t\t\t<\/div>\n\t\t\t\t<div class=\"elementor-element elementor-element-448c0a4 elementor-widget elementor-widget-heading\" data-id=\"448c0a4\" data-element_type=\"widget\" data-widget_type=\"heading.default\">\n\t\t\t\t<div class=\"elementor-widget-container\">\n\t\t\t\t\t<h3 class=\"elementor-heading-title elementor-size-default\">MARIDAJE PERFECTO \n<\/h3>\t\t\t\t<\/div>\n\t\t\t\t<\/div>\n\t\t\t\t<div class=\"elementor-element elementor-element-af59876 elementor-widget elementor-widget-text-editor\" data-id=\"af59876\" data-element_type=\"widget\" data-widget_type=\"text-editor.default\">\n\t\t\t\t<div class=\"elementor-widget-container\">\n\t\t\t\t\t\t\t\t\t<p>En nuestra b\u00fasqueda incesante de la perfecci\u00f3n, nos hemos propuesto el reto de encontrar las mejores combinaciones de bebidas artesanales y aut\u00e9nticas para maridar con cada uno de nuestros men\u00fas. Podr\u00e1 disfrutar y saborear combinaciones exclusivas y ex\u00f3ticas, desde la armoniosa limonada aromatizada con lemon grass, bebida de granada y menta hasta una original combinaci\u00f3n de t\u00e9 helado con jengibre y lima Kaffir.<\/p><p>Para nosotros, t\u00fa eres muy importante. Por este motivo nuestra oferta ha sido pensada al detalle para que tu experiencia sea inmejorable.<\/p>\t\t\t\t\t\t\t\t<\/div>\n\t\t\t\t<\/div>\n\t\t\t\t<div class=\"elementor-element elementor-element-d49063c elementor-widget elementor-widget-gallery\" data-id=\"d49063c\" data-element_type=\"widget\" data-settings=\"{&quot;columns&quot;:2,&quot;gap&quot;:{&quot;unit&quot;:&quot;px&quot;,&quot;size&quot;:35,&quot;sizes&quot;:[]},&quot;aspect_ratio&quot;:&quot;4:3&quot;,&quot;lazyload&quot;:&quot;yes&quot;,&quot;gallery_layout&quot;:&quot;grid&quot;,&quot;columns_tablet&quot;:2,&quot;columns_mobile&quot;:1,&quot;gap_tablet&quot;:{&quot;unit&quot;:&quot;px&quot;,&quot;size&quot;:10,&quot;sizes&quot;:[]},&quot;gap_mobile&quot;:{&quot;unit&quot;:&quot;px&quot;,&quot;size&quot;:10,&quot;sizes&quot;:[]},&quot;content_hover_animation&quot;:&quot;fade-in&quot;}\" data-widget_type=\"gallery.default\">\n\t\t\t\t<div class=\"elementor-widget-container\">\n\t\t\t\t\t\t\t<div class=\"elementor-gallery__container\">\n\t\t\t\t\t\t\t<div class=\"e-gallery-item elementor-gallery-item elementor-animated-content\">\n\t\t\t\t\t<div class=\"e-gallery-image elementor-gallery-item__image\" data-thumbnail=\"https:\/\/gbsailingwithcalm.com\/wp-content\/uploads\/2025\/07\/MARIDAJE-PERFECTO.jpg\" data-width=\"2362\" data-height=\"1575\" aria-label=\"\" role=\"img\" ><\/div>\n\t\t\t\t\t\t\t\t\t\t\t\t\t\t<\/div>\n\t\t\t\t\t\t\t<div class=\"e-gallery-item elementor-gallery-item elementor-animated-content\">\n\t\t\t\t\t<div class=\"e-gallery-image elementor-gallery-item__image\" data-thumbnail=\"https:\/\/gbsailingwithcalm.com\/wp-content\/uploads\/2025\/07\/MARIDAJE-PERFECTO-2-scaled.jpg\" data-width=\"2560\" data-height=\"1707\" aria-label=\"\" role=\"img\" ><\/div>\n\t\t\t\t\t\t\t\t\t\t\t\t\t\t<\/div>\n\t\t\t\t\t<\/div>\n\t\t\t\t\t<\/div>\n\t\t\t\t<\/div>\n\t\t\t\t<\/div>\n\t\t\t\t<\/div>\n\t\t\t\t<\/div>\n\t\t<div data-particle_enable=\"false\" data-particle-mobile-disabled=\"false\" class=\"elementor-element elementor-element-ee59c5e e-flex e-con-boxed e-con e-parent\" data-id=\"ee59c5e\" data-element_type=\"container\" data-settings=\"{&quot;background_background&quot;:&quot;classic&quot;}\">\n\t\t\t\t\t<div class=\"e-con-inner\">\n\t\t<div data-particle_enable=\"false\" data-particle-mobile-disabled=\"false\" class=\"elementor-element elementor-element-f1e3b52 e-con-full e-flex e-con e-child\" data-id=\"f1e3b52\" data-element_type=\"container\">\n\t\t<div data-particle_enable=\"false\" data-particle-mobile-disabled=\"false\" class=\"elementor-element elementor-element-154c601 e-con-full e-flex e-con e-child\" data-id=\"154c601\" data-element_type=\"container\">\n\t\t<div data-particle_enable=\"false\" data-particle-mobile-disabled=\"false\" class=\"elementor-element elementor-element-24d31d8 e-con-full e-flex e-con e-child\" data-id=\"24d31d8\" data-element_type=\"container\" data-settings=\"{&quot;background_background&quot;:&quot;classic&quot;}\">\n\t\t\t\t<div class=\"elementor-element elementor-element-dcd577d elementor-widget elementor-widget-heading\" data-id=\"dcd577d\" data-element_type=\"widget\" data-widget_type=\"heading.default\">\n\t\t\t\t<div class=\"elementor-widget-container\">\n\t\t\t\t\t<h2 class=\"elementor-heading-title elementor-size-default\">Motivos que determinan nuestros precios\n<\/h2>\t\t\t\t<\/div>\n\t\t\t\t<\/div>\n\t\t\t\t<div class=\"elementor-element elementor-element-5c26ed9 elementor-widget elementor-widget-text-editor\" data-id=\"5c26ed9\" data-element_type=\"widget\" data-widget_type=\"text-editor.default\">\n\t\t\t\t<div class=\"elementor-widget-container\">\n\t\t\t\t\t\t\t\t\t<p>En nuestro magnifico velero, cada detalle est\u00e1 cuidadosamente preparado para\nofrecerte una experiencia exclusiva, segura y memorable. Estos son los motivos\npor los que nuestros precios garantizan un servicio de m\u00e1xima calidad:<\/p><ul><li>Tripulaci\u00f3n profesional - contamos con un Chef especializado y un\ncapit\u00e1n profesional que cuenta con todas las titulaciones y cursos de\nseguridad a bordo. Ambos dedicados a brindarte un servicio impecable,\nseguridad n\u00e1utica y una gastronom\u00eda excepcional.<\/li><li>Productos frescos y de alta calidad - trabajamos con ingredientes de\nm\u00e1xima frescura, locales y selectos, asegurando sabores superiores en\ncada plato. Nuestros men\u00fas degustaci\u00f3n no son solo comidas, sino\naut\u00e9nticas experiencias extraordinarias.<\/li><li><a href=\"https:\/\/gbsailingwithcalm.com\/es\/our-menus2\/\">Men\u00fas gourmet<\/a> - la comida y bebida que podr\u00e1s degustar es comparable a restaurantes de alta gama, pero con el valor a\u00f1adido de un entorno privilegiado que es el mar.<\/li><li>Servicio exclusivo, personalizado e integral \u2013 abordo podr\u00e1s encontrar\ntodo lo que necesitas para que tu jornada en el mar sea inolvidable.\nContamos con zona de descanso y confort, entretenimiento, deportes\nacu\u00e1ticos sumado a nuestra exclusiva propuesta gastron\u00f3mica.<\/li><\/ul><p class=\"translation-block\">Invertimos en calidad, profesionalismo y exclusividad para que tu experiencia\nvalga cada euro. \u00a1Te mereces un lujo as\u00ed! \n\u00bfListo para zarpar hacia lo extraordinario? <a href=\"https:\/\/gbsailingwithcalm.com\/es\/offer-autumn-winter\/\" target=\"_self\">\u00a1Reserva ahora! <\/a><\/p>\t\t\t\t\t\t\t\t<\/div>\n\t\t\t\t<\/div>\n\t\t\t\t<\/div>\n\t\t\t\t<\/div>\n\t\t\t\t<\/div>\n\t\t\t\t\t<\/div>\n\t\t\t\t<\/div>\n\t\t\t\t<\/div>","protected":false},"excerpt":{"rendered":"<p>https:\/\/gbsailingwithcalm.com\/wp-content\/uploads\/2025\/08\/sailing-with-calm-1.mp4 WHY YOU SHOULD CHOOSE US? What sets us apart from others and makes us so unique? BBQ KAMADO Our menus are designed to make the most of our charcoal barbecue, the impressive and eye-catching Kamado Oven. It is the real jewel in the barbecue world. The Kamado allows us to offer unique and unmistakable&hellip;&nbsp;<a href=\"https:\/\/gbsailingwithcalm.com\/es\/why-choose-us\/\" rel=\"bookmark\"><span class=\"screen-reader-text\">Por qu\u00e9 elegirnos<\/span><\/a><\/p>","protected":false},"author":1,"featured_media":0,"parent":0,"menu_order":0,"comment_status":"closed","ping_status":"closed","template":"elementor_header_footer","meta":{"neve_meta_sidebar":"","neve_meta_container":"","neve_meta_enable_content_width":"off","neve_meta_content_width":100,"neve_meta_title_alignment":"","neve_meta_author_avatar":"","neve_post_elements_order":"","neve_meta_disable_header":"","neve_meta_disable_footer":"","neve_meta_disable_title":"","_joinchat":[],"footnotes":""},"class_list":["post-1469","page","type-page","status-publish","hentry"],"yoast_head":"<!-- This site is optimized with the Yoast SEO plugin v26.7 - https:\/\/yoast.com\/wordpress\/plugins\/seo\/ -->\n<title>Why Choose Sailing With Calm - Private Sailing Tour<\/title>\n<meta name=\"description\" content=\"Discover why our classic sailboat experience stands out: gourmet menus, stunning views and exceptional service in Palma. Book now!\" \/>\n<meta name=\"robots\" content=\"index, follow, max-snippet:-1, max-image-preview:large, max-video-preview:-1\" \/>\n<link rel=\"canonical\" href=\"https:\/\/gbsailingwithcalm.com\/es\/why-choose-us\/\" \/>\n<meta property=\"og:locale\" content=\"es_ES\" \/>\n<meta property=\"og:type\" content=\"article\" \/>\n<meta property=\"og:title\" content=\"Why Choose Sailing With Calm - Private Sailing Tour\" \/>\n<meta property=\"og:description\" content=\"Discover why our classic sailboat experience stands out: gourmet menus, stunning views and exceptional service in Palma. Book now!\" \/>\n<meta property=\"og:url\" content=\"https:\/\/gbsailingwithcalm.com\/es\/why-choose-us\/\" \/>\n<meta property=\"og:site_name\" content=\"Sailing with Calm \u2013 Gastronomic experience\" \/>\n<meta property=\"article:modified_time\" content=\"2026-01-15T15:25:16+00:00\" \/>\n<meta name=\"twitter:card\" content=\"summary_large_image\" \/>\n<meta name=\"twitter:label1\" content=\"Tiempo de lectura\" \/>\n\t<meta name=\"twitter:data1\" content=\"3 minutos\" \/>\n<script type=\"application\/ld+json\" class=\"yoast-schema-graph\">{\"@context\":\"https:\/\/schema.org\",\"@graph\":[{\"@type\":\"WebPage\",\"@id\":\"https:\/\/gbsailingwithcalm.com\/why-choose-us\/\",\"url\":\"https:\/\/gbsailingwithcalm.com\/why-choose-us\/\",\"name\":\"Why Choose Sailing With Calm - Private Sailing Tour\",\"isPartOf\":{\"@id\":\"https:\/\/gbsailingwithcalm.com\/#website\"},\"datePublished\":\"2025-05-29T11:46:52+00:00\",\"dateModified\":\"2026-01-15T15:25:16+00:00\",\"description\":\"Discover why our classic sailboat experience stands out: gourmet menus, stunning views and exceptional service in Palma. Book now!\",\"breadcrumb\":{\"@id\":\"https:\/\/gbsailingwithcalm.com\/why-choose-us\/#breadcrumb\"},\"inLanguage\":\"es\",\"potentialAction\":[{\"@type\":\"ReadAction\",\"target\":[\"https:\/\/gbsailingwithcalm.com\/why-choose-us\/\"]}]},{\"@type\":\"BreadcrumbList\",\"@id\":\"https:\/\/gbsailingwithcalm.com\/why-choose-us\/#breadcrumb\",\"itemListElement\":[{\"@type\":\"ListItem\",\"position\":1,\"name\":\"Portada\",\"item\":\"https:\/\/gbsailingwithcalm.com\/\"},{\"@type\":\"ListItem\",\"position\":2,\"name\":\"Why choose us\"}]},{\"@type\":\"WebSite\",\"@id\":\"https:\/\/gbsailingwithcalm.com\/#website\",\"url\":\"https:\/\/gbsailingwithcalm.com\/\",\"name\":\"Sailing with Calm \u2013 Gastronomic experience\",\"description\":\"Navega por la bah\u00eda de Palma a bordo de un velero cl\u00e1sico y descubre una experiencia gastron\u00f3mica \u00fanica en el Mediterr\u00e1neo. Salidas privadas con degustaciones de autor, snorkel y puestas de sol inolvidables.\",\"publisher\":{\"@id\":\"https:\/\/gbsailingwithcalm.com\/#organization\"},\"potentialAction\":[{\"@type\":\"SearchAction\",\"target\":{\"@type\":\"EntryPoint\",\"urlTemplate\":\"https:\/\/gbsailingwithcalm.com\/?s={search_term_string}\"},\"query-input\":{\"@type\":\"PropertyValueSpecification\",\"valueRequired\":true,\"valueName\":\"search_term_string\"}}],\"inLanguage\":\"es\"},{\"@type\":\"Organization\",\"@id\":\"https:\/\/gbsailingwithcalm.com\/#organization\",\"name\":\"Sailing with Calm \u2013 Gastronomic experience\",\"url\":\"https:\/\/gbsailingwithcalm.com\/\",\"logo\":{\"@type\":\"ImageObject\",\"inLanguage\":\"es\",\"@id\":\"https:\/\/gbsailingwithcalm.com\/#\/schema\/logo\/image\/\",\"url\":\"https:\/\/gbsailingwithcalm.com\/wp-content\/uploads\/2025\/05\/b3577893ef2c-saling_with_calm_LOGO_TRANSPARENTE.png\",\"contentUrl\":\"https:\/\/gbsailingwithcalm.com\/wp-content\/uploads\/2025\/05\/b3577893ef2c-saling_with_calm_LOGO_TRANSPARENTE.png\",\"width\":534,\"height\":468,\"caption\":\"Sailing with Calm \u2013 Gastronomic experience\"},\"image\":{\"@id\":\"https:\/\/gbsailingwithcalm.com\/#\/schema\/logo\/image\/\"}}]}<\/script>\n<!-- \/ Yoast SEO plugin. -->","yoast_head_json":{"title":"Why Choose Sailing With Calm - Private Sailing Tour","description":"Discover why our classic sailboat experience stands out: gourmet menus, stunning views and exceptional service in Palma. Book now!","robots":{"index":"index","follow":"follow","max-snippet":"max-snippet:-1","max-image-preview":"max-image-preview:large","max-video-preview":"max-video-preview:-1"},"canonical":"https:\/\/gbsailingwithcalm.com\/es\/why-choose-us\/","og_locale":"es_ES","og_type":"article","og_title":"Why Choose Sailing With Calm - Private Sailing Tour","og_description":"Discover why our classic sailboat experience stands out: gourmet menus, stunning views and exceptional service in Palma. Book now!","og_url":"https:\/\/gbsailingwithcalm.com\/es\/why-choose-us\/","og_site_name":"Sailing with Calm \u2013 Gastronomic experience","article_modified_time":"2026-01-15T15:25:16+00:00","twitter_card":"summary_large_image","twitter_misc":{"Tiempo de lectura":"3 minutos"},"schema":{"@context":"https:\/\/schema.org","@graph":[{"@type":"WebPage","@id":"https:\/\/gbsailingwithcalm.com\/why-choose-us\/","url":"https:\/\/gbsailingwithcalm.com\/why-choose-us\/","name":"Why Choose Sailing With Calm - Private Sailing Tour","isPartOf":{"@id":"https:\/\/gbsailingwithcalm.com\/#website"},"datePublished":"2025-05-29T11:46:52+00:00","dateModified":"2026-01-15T15:25:16+00:00","description":"Discover why our classic sailboat experience stands out: gourmet menus, stunning views and exceptional service in Palma. Book now!","breadcrumb":{"@id":"https:\/\/gbsailingwithcalm.com\/why-choose-us\/#breadcrumb"},"inLanguage":"es","potentialAction":[{"@type":"ReadAction","target":["https:\/\/gbsailingwithcalm.com\/why-choose-us\/"]}]},{"@type":"BreadcrumbList","@id":"https:\/\/gbsailingwithcalm.com\/why-choose-us\/#breadcrumb","itemListElement":[{"@type":"ListItem","position":1,"name":"Portada","item":"https:\/\/gbsailingwithcalm.com\/"},{"@type":"ListItem","position":2,"name":"Why choose us"}]},{"@type":"WebSite","@id":"https:\/\/gbsailingwithcalm.com\/#website","url":"https:\/\/gbsailingwithcalm.com\/","name":"Sailing with Calm \u2013 Gastronomic experience","description":"Navega por la bah\u00eda de Palma a bordo de un velero cl\u00e1sico y descubre una experiencia gastron\u00f3mica \u00fanica en el Mediterr\u00e1neo. Salidas privadas con degustaciones de autor, snorkel y puestas de sol inolvidables.","publisher":{"@id":"https:\/\/gbsailingwithcalm.com\/#organization"},"potentialAction":[{"@type":"SearchAction","target":{"@type":"EntryPoint","urlTemplate":"https:\/\/gbsailingwithcalm.com\/?s={search_term_string}"},"query-input":{"@type":"PropertyValueSpecification","valueRequired":true,"valueName":"search_term_string"}}],"inLanguage":"es"},{"@type":"Organization","@id":"https:\/\/gbsailingwithcalm.com\/#organization","name":"Sailing with Calm \u2013 Gastronomic experience","url":"https:\/\/gbsailingwithcalm.com\/","logo":{"@type":"ImageObject","inLanguage":"es","@id":"https:\/\/gbsailingwithcalm.com\/#\/schema\/logo\/image\/","url":"https:\/\/gbsailingwithcalm.com\/wp-content\/uploads\/2025\/05\/b3577893ef2c-saling_with_calm_LOGO_TRANSPARENTE.png","contentUrl":"https:\/\/gbsailingwithcalm.com\/wp-content\/uploads\/2025\/05\/b3577893ef2c-saling_with_calm_LOGO_TRANSPARENTE.png","width":534,"height":468,"caption":"Sailing with Calm \u2013 Gastronomic experience"},"image":{"@id":"https:\/\/gbsailingwithcalm.com\/#\/schema\/logo\/image\/"}}]}},"_links":{"self":[{"href":"https:\/\/gbsailingwithcalm.com\/es\/wp-json\/wp\/v2\/pages\/1469","targetHints":{"allow":["GET"]}}],"collection":[{"href":"https:\/\/gbsailingwithcalm.com\/es\/wp-json\/wp\/v2\/pages"}],"about":[{"href":"https:\/\/gbsailingwithcalm.com\/es\/wp-json\/wp\/v2\/types\/page"}],"author":[{"embeddable":true,"href":"https:\/\/gbsailingwithcalm.com\/es\/wp-json\/wp\/v2\/users\/1"}],"replies":[{"embeddable":true,"href":"https:\/\/gbsailingwithcalm.com\/es\/wp-json\/wp\/v2\/comments?post=1469"}],"version-history":[{"count":80,"href":"https:\/\/gbsailingwithcalm.com\/es\/wp-json\/wp\/v2\/pages\/1469\/revisions"}],"predecessor-version":[{"id":2803,"href":"https:\/\/gbsailingwithcalm.com\/es\/wp-json\/wp\/v2\/pages\/1469\/revisions\/2803"}],"wp:attachment":[{"href":"https:\/\/gbsailingwithcalm.com\/es\/wp-json\/wp\/v2\/media?parent=1469"}],"curies":[{"name":"wp","href":"https:\/\/api.w.org\/{rel}","templated":true}]}}