{"id":1645,"date":"2025-06-23T09:49:31","date_gmt":"2025-06-23T09:49:31","guid":{"rendered":"https:\/\/gbsailingwithcalm.com\/?page_id=1645"},"modified":"2026-02-10T20:09:20","modified_gmt":"2026-02-10T20:09:20","slug":"terms-and-conditions","status":"publish","type":"page","link":"https:\/\/gbsailingwithcalm.com\/es\/terms-and-conditions\/","title":{"rendered":"T\u00e9rminos y condiciones"},"content":{"rendered":"<p>Para garantizar un proceso de embarque fluido,\u00a0<strong>por favor, llegue 10 minutos antes de la salida.<\/strong><\/p>\n<p><strong>Pol\u00edtica de cancelaciones, no show y retraso<\/strong><\/p>\n<p>Cancelaciones:<\/p>\n<p>Las cancelaciones realizadas:<br \/>\n*<strong>\u00a0al menos 48 horas<\/strong>\u00a0antes de la salida\u00a0<strong>no tienen penalizaci\u00f3n<\/strong><br \/>\n*\u00a0<strong>between 48 to 24 hours<\/strong>\u00a0tienen\u00a0<strong>una penalizaci\u00f3n de un 50%<\/strong>\u00a0del total del importe pagado<br \/>\n*\u00a0<strong>menos de 24 horas<\/strong>\u00a0antes de la salida programada\u00a0<strong>conllevar\u00e1n la p\u00e9rdida total del importe de la reserva.<\/strong><\/p>\n<p><strong>* Los gastos de gesti\u00f3n y servicio (3 %) no son reembolsables.<\/strong><\/p>\n<p>No show:<br \/>\nEn caso si el pasajero no llegara en la hora estipulada,\u00a0<strong>esto conllevara la p\u00e9rdida total del importe de la reserva<\/strong><\/p>\n<p>Retraso:<br \/>\n\u2981 En grupos privados, en caso de retraso por parte de los pasajeros, nos sujetamos a los horarios de reserva. Cont\u00e1ctenos y buscaremos una soluci\u00f3n mutuamente satisfactoria.<\/p>\n<p>&nbsp;<\/p>","protected":false},"excerpt":{"rendered":"<p>To ensure a smooth boarding process,\u00a0please arrive 10 minutes before departure. Cancellation, no show and delay policy. Cancellations: Cancellations made: *\u00a0at least 48 hours\u00a0prior to departure\u00a0are not penalised *\u00a0between 48 to 24 hours\u00a0have\u00a0a penalty of 50%\u00a0of the total amount paid. *\u00a0less than 24 hours\u00a0before the scheduled departure\u00a0will result in the total loss of the booking&hellip;&nbsp;<a href=\"https:\/\/gbsailingwithcalm.com\/es\/terms-and-conditions\/\" rel=\"bookmark\"><span class=\"screen-reader-text\">T\u00e9rminos y condiciones<\/span><\/a><\/p>","protected":false},"author":1,"featured_media":0,"parent":0,"menu_order":0,"comment_status":"closed","ping_status":"closed","template":"","meta":{"neve_meta_sidebar":"","neve_meta_container":"","neve_meta_enable_content_width":"off","neve_meta_content_width":100,"neve_meta_title_alignment":"","neve_meta_author_avatar":"","neve_post_elements_order":"","neve_meta_disable_header":"","neve_meta_disable_footer":"","neve_meta_disable_title":"","_joinchat":[],"footnotes":""},"class_list":["post-1645","page","type-page","status-publish","hentry"],"yoast_head":"<!-- This site is optimized with the Yoast SEO plugin v26.7 - https:\/\/yoast.com\/wordpress\/plugins\/seo\/ -->\n<title>Terms and conditions - Sailing with Calm \u2013 Gastronomic experience<\/title>\n<meta name=\"robots\" content=\"noindex, follow\" \/>\n<meta property=\"og:locale\" content=\"es_ES\" \/>\n<meta property=\"og:type\" content=\"article\" \/>\n<meta property=\"og:title\" content=\"Terms and conditions - Sailing with Calm \u2013 Gastronomic experience\" \/>\n<meta property=\"og:description\" content=\"To ensure a smooth boarding process,\u00a0please arrive 10 minutes before departure. Cancellation, no show and delay policy. Cancellations: Cancellations made: *\u00a0at least 48 hours\u00a0prior to departure\u00a0are not penalised *\u00a0between 48 to 24 hours\u00a0have\u00a0a penalty of 50%\u00a0of the total amount paid. *\u00a0less than 24 hours\u00a0before the scheduled departure\u00a0will result in the total loss of the booking&hellip;&nbsp;Terms and conditions\" \/>\n<meta property=\"og:url\" content=\"https:\/\/gbsailingwithcalm.com\/es\/terms-and-conditions\/\" \/>\n<meta property=\"og:site_name\" content=\"Sailing with Calm \u2013 Gastronomic experience\" \/>\n<meta property=\"article:modified_time\" content=\"2026-02-10T20:09:20+00:00\" \/>\n<meta name=\"twitter:card\" content=\"summary_large_image\" \/>\n<meta name=\"twitter:label1\" content=\"Tiempo de lectura\" \/>\n\t<meta name=\"twitter:data1\" content=\"1 minuto\" \/>\n<script type=\"application\/ld+json\" class=\"yoast-schema-graph\">{\"@context\":\"https:\/\/schema.org\",\"@graph\":[{\"@type\":\"WebPage\",\"@id\":\"https:\/\/gbsailingwithcalm.com\/terms-and-conditions\/\",\"url\":\"https:\/\/gbsailingwithcalm.com\/terms-and-conditions\/\",\"name\":\"Terms and conditions - Sailing with Calm \u2013 Gastronomic experience\",\"isPartOf\":{\"@id\":\"https:\/\/gbsailingwithcalm.com\/#website\"},\"datePublished\":\"2025-06-23T09:49:31+00:00\",\"dateModified\":\"2026-02-10T20:09:20+00:00\",\"breadcrumb\":{\"@id\":\"https:\/\/gbsailingwithcalm.com\/terms-and-conditions\/#breadcrumb\"},\"inLanguage\":\"es\",\"potentialAction\":[{\"@type\":\"ReadAction\",\"target\":[\"https:\/\/gbsailingwithcalm.com\/terms-and-conditions\/\"]}]},{\"@type\":\"BreadcrumbList\",\"@id\":\"https:\/\/gbsailingwithcalm.com\/terms-and-conditions\/#breadcrumb\",\"itemListElement\":[{\"@type\":\"ListItem\",\"position\":1,\"name\":\"Portada\",\"item\":\"https:\/\/gbsailingwithcalm.com\/\"},{\"@type\":\"ListItem\",\"position\":2,\"name\":\"Terms and conditions\"}]},{\"@type\":\"WebSite\",\"@id\":\"https:\/\/gbsailingwithcalm.com\/#website\",\"url\":\"https:\/\/gbsailingwithcalm.com\/\",\"name\":\"Sailing with Calm \u2013 Gastronomic experience\",\"description\":\"Navega por la bah\u00eda de Palma a bordo de un velero cl\u00e1sico y descubre una experiencia gastron\u00f3mica \u00fanica en el Mediterr\u00e1neo. Salidas privadas con degustaciones de autor, snorkel y puestas de sol inolvidables.\",\"publisher\":{\"@id\":\"https:\/\/gbsailingwithcalm.com\/#organization\"},\"potentialAction\":[{\"@type\":\"SearchAction\",\"target\":{\"@type\":\"EntryPoint\",\"urlTemplate\":\"https:\/\/gbsailingwithcalm.com\/?s={search_term_string}\"},\"query-input\":{\"@type\":\"PropertyValueSpecification\",\"valueRequired\":true,\"valueName\":\"search_term_string\"}}],\"inLanguage\":\"es\"},{\"@type\":\"Organization\",\"@id\":\"https:\/\/gbsailingwithcalm.com\/#organization\",\"name\":\"Sailing with Calm \u2013 Gastronomic experience\",\"url\":\"https:\/\/gbsailingwithcalm.com\/\",\"logo\":{\"@type\":\"ImageObject\",\"inLanguage\":\"es\",\"@id\":\"https:\/\/gbsailingwithcalm.com\/#\/schema\/logo\/image\/\",\"url\":\"https:\/\/gbsailingwithcalm.com\/wp-content\/uploads\/2025\/05\/b3577893ef2c-saling_with_calm_LOGO_TRANSPARENTE.png\",\"contentUrl\":\"https:\/\/gbsailingwithcalm.com\/wp-content\/uploads\/2025\/05\/b3577893ef2c-saling_with_calm_LOGO_TRANSPARENTE.png\",\"width\":534,\"height\":468,\"caption\":\"Sailing with Calm \u2013 Gastronomic experience\"},\"image\":{\"@id\":\"https:\/\/gbsailingwithcalm.com\/#\/schema\/logo\/image\/\"}}]}<\/script>\n<!-- \/ Yoast SEO plugin. -->","yoast_head_json":{"title":"Terms and conditions - Sailing with Calm \u2013 Gastronomic experience","robots":{"index":"noindex","follow":"follow"},"og_locale":"es_ES","og_type":"article","og_title":"Terms and conditions - Sailing with Calm \u2013 Gastronomic experience","og_description":"To ensure a smooth boarding process,\u00a0please arrive 10 minutes before departure. Cancellation, no show and delay policy. Cancellations: Cancellations made: *\u00a0at least 48 hours\u00a0prior to departure\u00a0are not penalised *\u00a0between 48 to 24 hours\u00a0have\u00a0a penalty of 50%\u00a0of the total amount paid. *\u00a0less than 24 hours\u00a0before the scheduled departure\u00a0will result in the total loss of the booking&hellip;&nbsp;Terms and conditions","og_url":"https:\/\/gbsailingwithcalm.com\/es\/terms-and-conditions\/","og_site_name":"Sailing with Calm \u2013 Gastronomic experience","article_modified_time":"2026-02-10T20:09:20+00:00","twitter_card":"summary_large_image","twitter_misc":{"Tiempo de lectura":"1 minuto"},"schema":{"@context":"https:\/\/schema.org","@graph":[{"@type":"WebPage","@id":"https:\/\/gbsailingwithcalm.com\/terms-and-conditions\/","url":"https:\/\/gbsailingwithcalm.com\/terms-and-conditions\/","name":"Terms and conditions - Sailing with Calm \u2013 Gastronomic experience","isPartOf":{"@id":"https:\/\/gbsailingwithcalm.com\/#website"},"datePublished":"2025-06-23T09:49:31+00:00","dateModified":"2026-02-10T20:09:20+00:00","breadcrumb":{"@id":"https:\/\/gbsailingwithcalm.com\/terms-and-conditions\/#breadcrumb"},"inLanguage":"es","potentialAction":[{"@type":"ReadAction","target":["https:\/\/gbsailingwithcalm.com\/terms-and-conditions\/"]}]},{"@type":"BreadcrumbList","@id":"https:\/\/gbsailingwithcalm.com\/terms-and-conditions\/#breadcrumb","itemListElement":[{"@type":"ListItem","position":1,"name":"Portada","item":"https:\/\/gbsailingwithcalm.com\/"},{"@type":"ListItem","position":2,"name":"Terms and conditions"}]},{"@type":"WebSite","@id":"https:\/\/gbsailingwithcalm.com\/#website","url":"https:\/\/gbsailingwithcalm.com\/","name":"Sailing with Calm \u2013 Gastronomic experience","description":"Navega por la bah\u00eda de Palma a bordo de un velero cl\u00e1sico y descubre una experiencia gastron\u00f3mica \u00fanica en el Mediterr\u00e1neo. Salidas privadas con degustaciones de autor, snorkel y puestas de sol inolvidables.","publisher":{"@id":"https:\/\/gbsailingwithcalm.com\/#organization"},"potentialAction":[{"@type":"SearchAction","target":{"@type":"EntryPoint","urlTemplate":"https:\/\/gbsailingwithcalm.com\/?s={search_term_string}"},"query-input":{"@type":"PropertyValueSpecification","valueRequired":true,"valueName":"search_term_string"}}],"inLanguage":"es"},{"@type":"Organization","@id":"https:\/\/gbsailingwithcalm.com\/#organization","name":"Sailing with Calm \u2013 Gastronomic experience","url":"https:\/\/gbsailingwithcalm.com\/","logo":{"@type":"ImageObject","inLanguage":"es","@id":"https:\/\/gbsailingwithcalm.com\/#\/schema\/logo\/image\/","url":"https:\/\/gbsailingwithcalm.com\/wp-content\/uploads\/2025\/05\/b3577893ef2c-saling_with_calm_LOGO_TRANSPARENTE.png","contentUrl":"https:\/\/gbsailingwithcalm.com\/wp-content\/uploads\/2025\/05\/b3577893ef2c-saling_with_calm_LOGO_TRANSPARENTE.png","width":534,"height":468,"caption":"Sailing with Calm \u2013 Gastronomic experience"},"image":{"@id":"https:\/\/gbsailingwithcalm.com\/#\/schema\/logo\/image\/"}}]}},"_links":{"self":[{"href":"https:\/\/gbsailingwithcalm.com\/es\/wp-json\/wp\/v2\/pages\/1645","targetHints":{"allow":["GET"]}}],"collection":[{"href":"https:\/\/gbsailingwithcalm.com\/es\/wp-json\/wp\/v2\/pages"}],"about":[{"href":"https:\/\/gbsailingwithcalm.com\/es\/wp-json\/wp\/v2\/types\/page"}],"author":[{"embeddable":true,"href":"https:\/\/gbsailingwithcalm.com\/es\/wp-json\/wp\/v2\/users\/1"}],"replies":[{"embeddable":true,"href":"https:\/\/gbsailingwithcalm.com\/es\/wp-json\/wp\/v2\/comments?post=1645"}],"version-history":[{"count":4,"href":"https:\/\/gbsailingwithcalm.com\/es\/wp-json\/wp\/v2\/pages\/1645\/revisions"}],"predecessor-version":[{"id":2903,"href":"https:\/\/gbsailingwithcalm.com\/es\/wp-json\/wp\/v2\/pages\/1645\/revisions\/2903"}],"wp:attachment":[{"href":"https:\/\/gbsailingwithcalm.com\/es\/wp-json\/wp\/v2\/media?parent=1645"}],"curies":[{"name":"wp","href":"https:\/\/api.w.org\/{rel}","templated":true}]}}