{"id":2478,"date":"2025-11-27T09:24:33","date_gmt":"2025-11-27T09:24:33","guid":{"rendered":"https:\/\/gbsailingwithcalm.com\/?page_id=2478"},"modified":"2025-12-10T13:42:06","modified_gmt":"2025-12-10T13:42:06","slug":"blog","status":"publish","type":"page","link":"https:\/\/gbsailingwithcalm.com\/es\/blog\/","title":{"rendered":"Blog"},"content":{"rendered":"<div data-elementor-type=\"wp-page\" data-elementor-id=\"2478\" class=\"elementor elementor-2478\" data-elementor-post-type=\"page\">\n\t\t\t\t<div data-particle_enable=\"false\" data-particle-mobile-disabled=\"false\" class=\"elementor-element elementor-element-0808a4f e-con-full e-flex e-con e-parent\" data-id=\"0808a4f\" data-element_type=\"container\" data-settings=\"{&quot;background_background&quot;:&quot;classic&quot;}\">\n\t\t<div data-particle_enable=\"false\" data-particle-mobile-disabled=\"false\" class=\"elementor-element elementor-element-5bf34d4 e-flex e-con-boxed e-con e-child\" data-id=\"5bf34d4\" data-element_type=\"container\" data-settings=\"{&quot;background_background&quot;:&quot;classic&quot;}\">\n\t\t\t\t\t<div class=\"e-con-inner\">\n\t\t\t\t<div class=\"elementor-element elementor-element-1d86200 elementor-widget elementor-widget-heading\" data-id=\"1d86200\" data-element_type=\"widget\" data-widget_type=\"heading.default\">\n\t\t\t\t<div class=\"elementor-widget-container\">\n\t\t\t\t\t<h2 class=\"elementor-heading-title elementor-size-default\">BLOG SAILING WITH CALM<\/h2>\t\t\t\t<\/div>\n\t\t\t\t<\/div>\n\t\t\t\t\t<\/div>\n\t\t\t\t<\/div>\n\t\t\t\t<\/div>\n\t\t<div data-particle_enable=\"false\" data-particle-mobile-disabled=\"false\" class=\"elementor-element elementor-element-3eea7de e-con-full e-flex e-con e-parent\" data-id=\"3eea7de\" data-element_type=\"container\" data-settings=\"{&quot;background_background&quot;:&quot;classic&quot;}\">\n\t\t<div data-particle_enable=\"false\" data-particle-mobile-disabled=\"false\" class=\"elementor-element elementor-element-f2758bc e-con-full e-flex e-con e-child\" data-id=\"f2758bc\" data-element_type=\"container\">\n\t\t<div data-particle_enable=\"false\" data-particle-mobile-disabled=\"false\" class=\"elementor-element elementor-element-bd925ce e-con-full e-flex e-con e-child\" data-id=\"bd925ce\" data-element_type=\"container\">\n\t\t\t\t<div class=\"elementor-element elementor-element-20335f1 elementor-posts--align-center elementor-grid-3 elementor-grid-tablet-2 elementor-grid-mobile-1 elementor-posts--thumbnail-top elementor-card-shadow-yes elementor-posts__hover-gradient elementor-widget elementor-widget-posts\" data-id=\"20335f1\" data-element_type=\"widget\" data-settings=\"{&quot;cards_row_gap&quot;:{&quot;unit&quot;:&quot;px&quot;,&quot;size&quot;:55,&quot;sizes&quot;:[]},&quot;cards_columns&quot;:&quot;3&quot;,&quot;cards_columns_tablet&quot;:&quot;2&quot;,&quot;cards_columns_mobile&quot;:&quot;1&quot;,&quot;cards_row_gap_tablet&quot;:{&quot;unit&quot;:&quot;px&quot;,&quot;size&quot;:&quot;&quot;,&quot;sizes&quot;:[]},&quot;cards_row_gap_mobile&quot;:{&quot;unit&quot;:&quot;px&quot;,&quot;size&quot;:&quot;&quot;,&quot;sizes&quot;:[]}}\" data-widget_type=\"posts.cards\">\n\t\t\t\t<div class=\"elementor-widget-container\">\n\t\t\t\t\t\t\t<div class=\"elementor-posts-container elementor-posts elementor-posts--skin-cards elementor-grid\" role=\"list\">\n\t\t\t\t<article class=\"elementor-post elementor-grid-item post-2483 post type-post status-publish format-standard has-post-thumbnail hentry category-uncategorized\" role=\"listitem\">\n\t\t\t<div class=\"elementor-post__card\">\n\t\t\t\t<a class=\"elementor-post__thumbnail__link\" href=\"https:\/\/gbsailingwithcalm.com\/es\/post-001\/\" tabindex=\"-1\" ><div class=\"elementor-post__thumbnail\"><img fetchpriority=\"high\" decoding=\"async\" width=\"1920\" height=\"2560\" src=\"https:\/\/gbsailingwithcalm.com\/wp-content\/uploads\/2025\/07\/1-2-scaled.jpg\" class=\"attachment-full size-full wp-image-2120\" alt=\"actividades para hacer en mallorca\" srcset=\"https:\/\/gbsailingwithcalm.com\/wp-content\/uploads\/2025\/07\/1-2-scaled.jpg 1920w, https:\/\/gbsailingwithcalm.com\/wp-content\/uploads\/2025\/07\/1-2-225x300.jpg 225w, https:\/\/gbsailingwithcalm.com\/wp-content\/uploads\/2025\/07\/1-2-768x1024.jpg 768w, https:\/\/gbsailingwithcalm.com\/wp-content\/uploads\/2025\/07\/1-2-1152x1536.jpg 1152w, https:\/\/gbsailingwithcalm.com\/wp-content\/uploads\/2025\/07\/1-2-1536x2048.jpg 1536w, https:\/\/gbsailingwithcalm.com\/wp-content\/uploads\/2025\/07\/1-2-9x12.jpg 9w, https:\/\/gbsailingwithcalm.com\/wp-content\/uploads\/2025\/07\/1-2-800x1067.jpg 800w\" sizes=\"(max-width: 1920px) 100vw, 1920px\" \/><\/div><\/a>\n\t\t\t\t<div class=\"elementor-post__text\">\n\t\t\t\t<h3 class=\"elementor-post__title\">\n\t\t\t<a href=\"https:\/\/gbsailingwithcalm.com\/es\/post-001\/\" >\n\t\t\t\tPost 001\t\t\t<\/a>\n\t\t<\/h3>\n\t\t\n\t\t<a class=\"elementor-post__read-more\" href=\"https:\/\/gbsailingwithcalm.com\/es\/post-001\/\" aria-label=\"M\u00e1s informaci\u00f3n sobre Post 001\" tabindex=\"-1\" >\n\t\t\tRead More \u00bb\t\t<\/a>\n\n\t\t\t\t<\/div>\n\t\t\t\t\t<\/div>\n\t\t<\/article>\n\t\t\t\t<\/div>\n\t\t\n\t\t\t\t\t\t<\/div>\n\t\t\t\t<\/div>\n\t\t\t\t<\/div>\n\t\t\t\t<\/div>\n\t\t\t\t<\/div>\n\t\t\t\t<\/div>","protected":false},"excerpt":{"rendered":"<p>BLOG SAILING WITH CALM<\/p>","protected":false},"author":1,"featured_media":0,"parent":0,"menu_order":0,"comment_status":"closed","ping_status":"closed","template":"elementor_header_footer","meta":{"neve_meta_sidebar":"","neve_meta_container":"","neve_meta_enable_content_width":"off","neve_meta_content_width":100,"neve_meta_title_alignment":"","neve_meta_author_avatar":"","neve_post_elements_order":"","neve_meta_disable_header":"","neve_meta_disable_footer":"","neve_meta_disable_title":"","_joinchat":[],"footnotes":""},"class_list":["post-2478","page","type-page","status-publish","hentry"],"yoast_head":"<!-- This site is optimized with the Yoast SEO plugin v26.7 - https:\/\/yoast.com\/wordpress\/plugins\/seo\/ -->\n<title>Sailing With Calm \u2013 Blog &amp; Stories<\/title>\n<meta name=\"description\" content=\"Read our blog for sailing tips, gastronomy, Palma highlights and exclusive experiences at sea. Stay inspired and book your adventure!\" \/>\n<meta name=\"robots\" content=\"index, follow, max-snippet:-1, max-image-preview:large, max-video-preview:-1\" \/>\n<link rel=\"canonical\" href=\"https:\/\/gbsailingwithcalm.com\/es\/blog\/\" \/>\n<meta property=\"og:locale\" content=\"es_ES\" \/>\n<meta property=\"og:type\" content=\"article\" \/>\n<meta property=\"og:title\" content=\"Sailing With Calm \u2013 Blog &amp; Stories\" \/>\n<meta property=\"og:description\" content=\"Read our blog for sailing tips, gastronomy, Palma highlights and exclusive experiences at sea. Stay inspired and book your adventure!\" \/>\n<meta property=\"og:url\" content=\"https:\/\/gbsailingwithcalm.com\/es\/blog\/\" \/>\n<meta property=\"og:site_name\" content=\"Sailing with Calm \u2013 Gastronomic experience\" \/>\n<meta property=\"article:modified_time\" content=\"2025-12-10T13:42:06+00:00\" \/>\n<meta name=\"twitter:card\" content=\"summary_large_image\" \/>\n<meta name=\"twitter:label1\" content=\"Tiempo de lectura\" \/>\n\t<meta name=\"twitter:data1\" content=\"1 minuto\" \/>\n<script type=\"application\/ld+json\" class=\"yoast-schema-graph\">{\"@context\":\"https:\/\/schema.org\",\"@graph\":[{\"@type\":\"WebPage\",\"@id\":\"https:\/\/gbsailingwithcalm.com\/blog\/\",\"url\":\"https:\/\/gbsailingwithcalm.com\/blog\/\",\"name\":\"Sailing With Calm \u2013 Blog & Stories\",\"isPartOf\":{\"@id\":\"https:\/\/gbsailingwithcalm.com\/#website\"},\"datePublished\":\"2025-11-27T09:24:33+00:00\",\"dateModified\":\"2025-12-10T13:42:06+00:00\",\"description\":\"Read our blog for sailing tips, gastronomy, Palma highlights and exclusive experiences at sea. Stay inspired and book your adventure!\",\"breadcrumb\":{\"@id\":\"https:\/\/gbsailingwithcalm.com\/blog\/#breadcrumb\"},\"inLanguage\":\"es\",\"potentialAction\":[{\"@type\":\"ReadAction\",\"target\":[\"https:\/\/gbsailingwithcalm.com\/blog\/\"]}]},{\"@type\":\"BreadcrumbList\",\"@id\":\"https:\/\/gbsailingwithcalm.com\/blog\/#breadcrumb\",\"itemListElement\":[{\"@type\":\"ListItem\",\"position\":1,\"name\":\"Portada\",\"item\":\"https:\/\/gbsailingwithcalm.com\/\"},{\"@type\":\"ListItem\",\"position\":2,\"name\":\"Blog\"}]},{\"@type\":\"WebSite\",\"@id\":\"https:\/\/gbsailingwithcalm.com\/#website\",\"url\":\"https:\/\/gbsailingwithcalm.com\/\",\"name\":\"Sailing with Calm \u2013 Gastronomic experience\",\"description\":\"Navega por la bah\u00eda de Palma a bordo de un velero cl\u00e1sico y descubre una experiencia gastron\u00f3mica \u00fanica en el Mediterr\u00e1neo. Salidas privadas con degustaciones de autor, snorkel y puestas de sol inolvidables.\",\"publisher\":{\"@id\":\"https:\/\/gbsailingwithcalm.com\/#organization\"},\"potentialAction\":[{\"@type\":\"SearchAction\",\"target\":{\"@type\":\"EntryPoint\",\"urlTemplate\":\"https:\/\/gbsailingwithcalm.com\/?s={search_term_string}\"},\"query-input\":{\"@type\":\"PropertyValueSpecification\",\"valueRequired\":true,\"valueName\":\"search_term_string\"}}],\"inLanguage\":\"es\"},{\"@type\":\"Organization\",\"@id\":\"https:\/\/gbsailingwithcalm.com\/#organization\",\"name\":\"Sailing with Calm \u2013 Gastronomic experience\",\"url\":\"https:\/\/gbsailingwithcalm.com\/\",\"logo\":{\"@type\":\"ImageObject\",\"inLanguage\":\"es\",\"@id\":\"https:\/\/gbsailingwithcalm.com\/#\/schema\/logo\/image\/\",\"url\":\"https:\/\/gbsailingwithcalm.com\/wp-content\/uploads\/2025\/05\/b3577893ef2c-saling_with_calm_LOGO_TRANSPARENTE.png\",\"contentUrl\":\"https:\/\/gbsailingwithcalm.com\/wp-content\/uploads\/2025\/05\/b3577893ef2c-saling_with_calm_LOGO_TRANSPARENTE.png\",\"width\":534,\"height\":468,\"caption\":\"Sailing with Calm \u2013 Gastronomic experience\"},\"image\":{\"@id\":\"https:\/\/gbsailingwithcalm.com\/#\/schema\/logo\/image\/\"}}]}<\/script>\n<!-- \/ Yoast SEO plugin. -->","yoast_head_json":{"title":"Sailing With Calm \u2013 Blog & Stories","description":"Read our blog for sailing tips, gastronomy, Palma highlights and exclusive experiences at sea. Stay inspired and book your adventure!","robots":{"index":"index","follow":"follow","max-snippet":"max-snippet:-1","max-image-preview":"max-image-preview:large","max-video-preview":"max-video-preview:-1"},"canonical":"https:\/\/gbsailingwithcalm.com\/es\/blog\/","og_locale":"es_ES","og_type":"article","og_title":"Sailing With Calm \u2013 Blog & Stories","og_description":"Read our blog for sailing tips, gastronomy, Palma highlights and exclusive experiences at sea. Stay inspired and book your adventure!","og_url":"https:\/\/gbsailingwithcalm.com\/es\/blog\/","og_site_name":"Sailing with Calm \u2013 Gastronomic experience","article_modified_time":"2025-12-10T13:42:06+00:00","twitter_card":"summary_large_image","twitter_misc":{"Tiempo de lectura":"1 minuto"},"schema":{"@context":"https:\/\/schema.org","@graph":[{"@type":"WebPage","@id":"https:\/\/gbsailingwithcalm.com\/blog\/","url":"https:\/\/gbsailingwithcalm.com\/blog\/","name":"Sailing With Calm \u2013 Blog & Stories","isPartOf":{"@id":"https:\/\/gbsailingwithcalm.com\/#website"},"datePublished":"2025-11-27T09:24:33+00:00","dateModified":"2025-12-10T13:42:06+00:00","description":"Read our blog for sailing tips, gastronomy, Palma highlights and exclusive experiences at sea. Stay inspired and book your adventure!","breadcrumb":{"@id":"https:\/\/gbsailingwithcalm.com\/blog\/#breadcrumb"},"inLanguage":"es","potentialAction":[{"@type":"ReadAction","target":["https:\/\/gbsailingwithcalm.com\/blog\/"]}]},{"@type":"BreadcrumbList","@id":"https:\/\/gbsailingwithcalm.com\/blog\/#breadcrumb","itemListElement":[{"@type":"ListItem","position":1,"name":"Portada","item":"https:\/\/gbsailingwithcalm.com\/"},{"@type":"ListItem","position":2,"name":"Blog"}]},{"@type":"WebSite","@id":"https:\/\/gbsailingwithcalm.com\/#website","url":"https:\/\/gbsailingwithcalm.com\/","name":"Sailing with Calm \u2013 Gastronomic experience","description":"Navega por la bah\u00eda de Palma a bordo de un velero cl\u00e1sico y descubre una experiencia gastron\u00f3mica \u00fanica en el Mediterr\u00e1neo. Salidas privadas con degustaciones de autor, snorkel y puestas de sol inolvidables.","publisher":{"@id":"https:\/\/gbsailingwithcalm.com\/#organization"},"potentialAction":[{"@type":"SearchAction","target":{"@type":"EntryPoint","urlTemplate":"https:\/\/gbsailingwithcalm.com\/?s={search_term_string}"},"query-input":{"@type":"PropertyValueSpecification","valueRequired":true,"valueName":"search_term_string"}}],"inLanguage":"es"},{"@type":"Organization","@id":"https:\/\/gbsailingwithcalm.com\/#organization","name":"Sailing with Calm \u2013 Gastronomic experience","url":"https:\/\/gbsailingwithcalm.com\/","logo":{"@type":"ImageObject","inLanguage":"es","@id":"https:\/\/gbsailingwithcalm.com\/#\/schema\/logo\/image\/","url":"https:\/\/gbsailingwithcalm.com\/wp-content\/uploads\/2025\/05\/b3577893ef2c-saling_with_calm_LOGO_TRANSPARENTE.png","contentUrl":"https:\/\/gbsailingwithcalm.com\/wp-content\/uploads\/2025\/05\/b3577893ef2c-saling_with_calm_LOGO_TRANSPARENTE.png","width":534,"height":468,"caption":"Sailing with Calm \u2013 Gastronomic experience"},"image":{"@id":"https:\/\/gbsailingwithcalm.com\/#\/schema\/logo\/image\/"}}]}},"_links":{"self":[{"href":"https:\/\/gbsailingwithcalm.com\/es\/wp-json\/wp\/v2\/pages\/2478","targetHints":{"allow":["GET"]}}],"collection":[{"href":"https:\/\/gbsailingwithcalm.com\/es\/wp-json\/wp\/v2\/pages"}],"about":[{"href":"https:\/\/gbsailingwithcalm.com\/es\/wp-json\/wp\/v2\/types\/page"}],"author":[{"embeddable":true,"href":"https:\/\/gbsailingwithcalm.com\/es\/wp-json\/wp\/v2\/users\/1"}],"replies":[{"embeddable":true,"href":"https:\/\/gbsailingwithcalm.com\/es\/wp-json\/wp\/v2\/comments?post=2478"}],"version-history":[{"count":13,"href":"https:\/\/gbsailingwithcalm.com\/es\/wp-json\/wp\/v2\/pages\/2478\/revisions"}],"predecessor-version":[{"id":2713,"href":"https:\/\/gbsailingwithcalm.com\/es\/wp-json\/wp\/v2\/pages\/2478\/revisions\/2713"}],"wp:attachment":[{"href":"https:\/\/gbsailingwithcalm.com\/es\/wp-json\/wp\/v2\/media?parent=2478"}],"curies":[{"name":"wp","href":"https:\/\/api.w.org\/{rel}","templated":true}]}}