{"id":3,"date":"2024-08-28T12:05:53","date_gmt":"2024-08-28T12:05:53","guid":{"rendered":"https:\/\/revolutionsoft.shop\/?page_id=3"},"modified":"2025-06-05T08:09:59","modified_gmt":"2025-06-05T08:09:59","slug":"politica-privacidad","status":"publish","type":"page","link":"https:\/\/gbsailingwithcalm.com\/es\/politica-privacidad\/","title":{"rendered":"Pol\u00edtica de Privacidad"},"content":{"rendered":"<p class=\"\" data-start=\"235\" data-end=\"541\">En <strong>Sailing With Calm<\/strong>Nos comprometemos a proteger la privacidad y los datos personales de nuestros usuarios. Esta Pol\u00edtica de Privacidad tiene como objetivo informarte sobre c\u00f3mo recopilamos, utilizamos, protegemos y compartimos tu informaci\u00f3n personal cuando accedes a nuestro sitio web y servicios.<\/p>\n<hr class=\"\" data-start=\"543\" data-end=\"546\" \/>\n<h3 class=\"\" data-start=\"548\" data-end=\"586\"><strong data-start=\"552\" data-end=\"586\">1. Responsable del tratamiento de datos<\/strong><\/h3>\n<ul data-start=\"588\" data-end=\"919\">\n<li class=\"\" data-start=\"588\" data-end=\"623\">\n<p class=\"\" data-start=\"590\" data-end=\"623\"><strong data-start=\"590\" data-end=\"601\">Nombre: <\/strong>Sailing With Calm<\/p>\n<\/li>\n<li class=\"\" data-start=\"624\" data-end=\"646\">\n<p class=\"\" data-start=\"626\" data-end=\"646\"><strong data-start=\"626\" data-end=\"634\">NIF:<\/strong> Y3078710J<\/p>\n<\/li>\n<li class=\"\" data-start=\"647\" data-end=\"744\">\n<p class=\"\" data-start=\"649\" data-end=\"744\"><strong data-start=\"649\" data-end=\"663\">Direcci\u00f3n:<\/strong> 07180, Balearic Islands<\/p>\n<\/li>\n<li class=\"\" data-start=\"745\" data-end=\"797\">\n<p class=\"\" data-start=\"747\" data-end=\"797\"><strong data-start=\"747\" data-end=\"770\">Email:<\/strong> <a href=\"mailto:info@gbsailingwithcalm.com\"><span class=\"elementor-icon-list-text\">info@gbsailingwithcalm.com<\/span><\/a><\/p>\n<\/li>\n<li class=\"\" data-start=\"798\" data-end=\"831\">\n<p class=\"\" data-start=\"800\" data-end=\"831\"><strong data-start=\"800\" data-end=\"813\">Tel\u00e9fono:<\/strong> +34 644 657 697<\/p>\n<\/li>\n<li class=\"\" data-start=\"832\" data-end=\"919\">\n<p class=\"\" data-start=\"834\" data-end=\"919\"><strong data-start=\"834\" data-end=\"848\">Sitio web:<\/strong> <a class=\"\" href=\"https:\/\/gbsailingwithcalm.com\/es\/\" target=\"_new\" rel=\"noopener\" data-start=\"849\" data-end=\"919\">https:\/\/www.gbsailingwithcalm.com<\/a><\/p>\n<\/li>\n<\/ul>\n<hr class=\"\" data-start=\"921\" data-end=\"924\" \/>\n<h3 class=\"\" data-start=\"926\" data-end=\"965\"><strong data-start=\"930\" data-end=\"965\">2. Datos personales recopilados<\/strong><\/h3>\n<p class=\"\" data-start=\"967\" data-end=\"1068\">En <strong>Sailing With Calm<\/strong>, recopilamos los siguientes datos personales a trav\u00e9s de nuestro sitio web:<\/p>\n<ul data-start=\"1070\" data-end=\"1376\">\n<li class=\"\" data-start=\"1070\" data-end=\"1172\">\n<p class=\"\" data-start=\"1072\" data-end=\"1172\"><strong data-start=\"1072\" data-end=\"1098\">Datos de identificaci\u00f3n:<\/strong> Nombre, apellidos, direcci\u00f3n de correo electr\u00f3nico, n\u00famero de tel\u00e9fono.<\/p>\n<\/li>\n<li class=\"\" data-start=\"1173\" data-end=\"1376\">\n<p class=\"\" data-start=\"1175\" data-end=\"1376\"><strong data-start=\"1175\" data-end=\"1199\">Datos de navegaci\u00f3n:<\/strong> Direcci\u00f3n IP, tipo de navegador, p\u00e1ginas visitadas, tiempo de permanencia en el sitio, clics realizados y cualquier otro dato derivado de la interacci\u00f3n con nuestro sitio web.<\/p>\n<\/li>\n<\/ul>\n<hr class=\"\" data-start=\"1378\" data-end=\"1381\" \/>\n<h3 class=\"\" data-start=\"1383\" data-end=\"1445\"><strong data-start=\"1387\" data-end=\"1445\">3. Finalidad del tratamiento de los datos personales<\/strong><\/h3>\n<p class=\"\" data-start=\"1447\" data-end=\"1525\">Los datos personales que recopilamos se utilizan para los siguientes fines:<\/p>\n<ul data-start=\"1527\" data-end=\"2127\">\n<li class=\"\" data-start=\"1527\" data-end=\"1717\">\n<p class=\"\" data-start=\"1529\" data-end=\"1717\"><strong data-start=\"1529\" data-end=\"1563\">Prestaci\u00f3n de nuestros servicios:<\/strong> Gesti\u00f3n de las solicitudes de los usuarios, como la compra de productos o servicios, la suscripci\u00f3n a servicios o el env\u00edo de informaci\u00f3n solicitada.<\/p>\n<\/li>\n<li class=\"\" data-start=\"1718\" data-end=\"1876\">\n<p class=\"\" data-start=\"1720\" data-end=\"1876\"><strong data-start=\"1720\" data-end=\"1747\">Comunicaci\u00f3n comercial:<\/strong> Env\u00edo de informaci\u00f3n sobre nuestros productos, servicios, ofertas y promociones si el usuario ha dado su consentimiento.<\/p>\n<\/li>\n<li class=\"\" data-start=\"1877\" data-end=\"2029\">\n<p class=\"\" data-start=\"1879\" data-end=\"2029\"><strong data-start=\"1879\" data-end=\"1920\">Mejora de la experiencia del usuario:<\/strong> Analizar la navegaci\u00f3n del usuario en el sitio web para mejorar su funcionalidad y calidad.<\/p>\n<\/li>\n<li class=\"\" data-start=\"2030\" data-end=\"2127\">\n<p class=\"\" data-start=\"2032\" data-end=\"2127\"><strong data-start=\"2032\" data-end=\"2073\">Cumplimiento legal<\/strong> Cumplimiento de nuestras obligaciones legales y fiscales.<\/p>\n<\/li>\n<\/ul>\n<hr class=\"\" data-start=\"2129\" data-end=\"2132\" \/>\n<h3 class=\"\" data-start=\"2134\" data-end=\"2190\"><strong data-start=\"2138\" data-end=\"2190\">4. Base legal para el tratamiento de datos.<\/strong><\/h3>\n<p class=\"\" data-start=\"2192\" data-end=\"2271\">El tratamiento de tus datos personales se basa en las siguientes bases legales:<\/p>\n<ul data-start=\"2273\" data-end=\"2702\">\n<li class=\"\" data-start=\"2273\" data-end=\"2383\">\n<p class=\"\" data-start=\"2275\" data-end=\"2383\"><strong data-start=\"2275\" data-end=\"2304\">Ejecuci\u00f3n de un contrato:<\/strong> Cuando los datos son necesarios para gestionar los servicios contratados.<\/p>\n<\/li>\n<li class=\"\" data-start=\"2384\" data-end=\"2556\">\n<p class=\"\" data-start=\"2386\" data-end=\"2556\"><strong data-start=\"2386\" data-end=\"2405\">Consentimiento:<\/strong> Cuando nos das tu consentimiento para enviarte comunicaciones comerciales, suscribirte a nuestra newsletter o registrarte en el sitio web.<\/p>\n<\/li>\n<li class=\"\" data-start=\"2557\" data-end=\"2702\">\n<p class=\"\" data-start=\"2559\" data-end=\"2702\"><strong data-start=\"2559\" data-end=\"2580\">Inter\u00e9s leg\u00edtimo:<\/strong> Con el fin de mejorar continuamente el sitio web, analizar las preferencias de los usuarios y personalizar su experiencia.<\/p>\n<\/li>\n<\/ul>\n<hr class=\"\" data-start=\"2704\" data-end=\"2707\" \/>\n<h3 class=\"\" data-start=\"2709\" data-end=\"2756\"><strong data-start=\"2713\" data-end=\"2756\">5. Conservaci\u00f3n de los Datos Personales<\/strong><\/h3>\n<p class=\"\" data-start=\"2758\" data-end=\"2930\">Conservamos los datos personales durante el tiempo necesario para cumplir con los fines para los que fueron recopilados y para cumplir con las obligaciones legales.<\/p>\n<p class=\"\" data-start=\"2932\" data-end=\"3067\">Si los datos personales no se utilizan para fines comerciales o de servicio, ser\u00e1n eliminados o anonimizados.<\/p>\n<hr class=\"\" data-start=\"3069\" data-end=\"3072\" \/>\n<h3 class=\"\" data-start=\"3074\" data-end=\"3122\"><strong data-start=\"3078\" data-end=\"3122\">6. Destinatarios de los Datos Personales<\/strong><\/h3>\n<p class=\"\" data-start=\"3124\" data-end=\"3240\">Los datos no se compartir\u00e1n con terceros, salvo que sea legalmente obligatorio o necesario para la prestaci\u00f3n del servicio.<\/p>\n<p class=\"\" data-start=\"3242\" data-end=\"3446\">En ciertos casos, los datos pueden ser compartidos con proveedores de servicios con los que se ha firmado un acuerdo de tratamiento de datos, garantizando el cumplimiento del RGPD.<\/p>\n<hr class=\"\" data-start=\"3448\" data-end=\"3451\" \/>\n<h3 class=\"\" data-start=\"3453\" data-end=\"3488\"><strong data-start=\"3457\" data-end=\"3488\">7. Derechos de los Usuarios<\/strong><\/h3>\n<p class=\"\" data-start=\"3490\" data-end=\"3507\">Tienes derecho a:<\/p>\n<ul data-start=\"3509\" data-end=\"4024\">\n<li class=\"\" data-start=\"3509\" data-end=\"3604\">\n<p class=\"\" data-start=\"3511\" data-end=\"3604\"><strong data-start=\"3511\" data-end=\"3522\">Acceso<\/strong> tus datos personales y obtener confirmaci\u00f3n sobre su tratamiento.<\/p>\n<\/li>\n<li class=\"\" data-start=\"3605\" data-end=\"3663\">\n<p class=\"\" data-start=\"3607\" data-end=\"3663\"><strong data-start=\"3607\" data-end=\"3621\">Rectificar<\/strong> tus datos si son inexactos o incompletos.<\/p>\n<\/li>\n<li class=\"\" data-start=\"3664\" data-end=\"3759\">\n<p class=\"\" data-start=\"3666\" data-end=\"3759\"><strong data-start=\"3666\" data-end=\"3679\">Eliminar<\/strong> tus datos cuando ya no sean necesarios para los fines del tratamiento.<\/p>\n<\/li>\n<li class=\"\" data-start=\"3760\" data-end=\"3834\">\n<p class=\"\" data-start=\"3762\" data-end=\"3834\"><strong data-start=\"3762\" data-end=\"3774\">Oponerte<\/strong> al tratamiento de tus datos en determinadas circunstancias.<\/p>\n<\/li>\n<li class=\"\" data-start=\"3835\" data-end=\"3915\">\n<p class=\"\" data-start=\"3837\" data-end=\"3915\"><strong data-start=\"3837\" data-end=\"3880\">Solicitar la limitaci\u00f3n del tratamiento<\/strong> en los casos previstos por la ley.<\/p>\n<\/li>\n<li class=\"\" data-start=\"3916\" data-end=\"4024\">\n<p class=\"\" data-start=\"3918\" data-end=\"4024\"><strong data-start=\"3918\" data-end=\"3947\">Portabilidad de datos<\/strong> recibir tus datos personales en un formato estructurado y de uso com\u00fan.<\/p>\n<\/li>\n<\/ul>\n<p class=\"\" data-start=\"4026\" data-end=\"4312\">Puedes ejercer estos derechos enviando una solicitud a <a href=\"mailto:info@gbsailingwithcalm.com\"><span class=\"elementor-icon-list-text\">info@gbsailingwithcalm.com<\/span><\/a> o a la direcci\u00f3n de contacto indicada arriba. Tambi\u00e9n tienes derecho a presentar una reclamaci\u00f3n ante la <strong data-start=\"4217\" data-end=\"4260\">Autoridad de Protecci\u00f3n de Datos<\/strong>.<\/p>","protected":false},"excerpt":{"rendered":"<p>At Sailing With Calm, we are committed to protecting the privacy and personal data of our users. This Privacy Policy aims to inform you about how we collect, use, protect, and share your personal information when you access our website and services. 1. Data Controller Name: Sailing With Calm Tax ID: Y3078710J Address: 07180, Balearic&hellip;&nbsp;<a href=\"https:\/\/gbsailingwithcalm.com\/es\/politica-privacidad\/\" rel=\"bookmark\"><span class=\"screen-reader-text\">Pol\u00edtica de Privacidad<\/span><\/a><\/p>","protected":false},"author":1,"featured_media":0,"parent":0,"menu_order":0,"comment_status":"closed","ping_status":"open","template":"","meta":{"neve_meta_sidebar":"","neve_meta_container":"","neve_meta_enable_content_width":"off","neve_meta_content_width":100,"neve_meta_title_alignment":"","neve_meta_author_avatar":"","neve_post_elements_order":"","neve_meta_disable_header":"","neve_meta_disable_footer":"","neve_meta_disable_title":"","_joinchat":[],"footnotes":""},"class_list":["post-3","page","type-page","status-publish","hentry"],"yoast_head":"<!-- This site is optimized with the Yoast SEO plugin v26.7 - https:\/\/yoast.com\/wordpress\/plugins\/seo\/ -->\n<title>Privacy Policy - Sailing with Calm \u2013 Gastronomic experience<\/title>\n<meta name=\"robots\" content=\"noindex, follow\" \/>\n<meta property=\"og:locale\" content=\"es_ES\" \/>\n<meta property=\"og:type\" content=\"article\" \/>\n<meta property=\"og:title\" content=\"Privacy Policy - Sailing with Calm \u2013 Gastronomic experience\" \/>\n<meta property=\"og:description\" content=\"At Sailing With Calm, we are committed to protecting the privacy and personal data of our users. This Privacy Policy aims to inform you about how we collect, use, protect, and share your personal information when you access our website and services. 1. Data Controller Name: Sailing With Calm Tax ID: Y3078710J Address: 07180, Balearic&hellip;&nbsp;Privacy Policy\" \/>\n<meta property=\"og:url\" content=\"https:\/\/gbsailingwithcalm.com\/es\/politica-privacidad\/\" \/>\n<meta property=\"og:site_name\" content=\"Sailing with Calm \u2013 Gastronomic experience\" \/>\n<meta property=\"article:modified_time\" content=\"2025-06-05T08:09:59+00:00\" \/>\n<meta name=\"twitter:card\" content=\"summary_large_image\" \/>\n<meta name=\"twitter:label1\" content=\"Tiempo de lectura\" \/>\n\t<meta name=\"twitter:data1\" content=\"2 minutos\" \/>\n<script type=\"application\/ld+json\" class=\"yoast-schema-graph\">{\"@context\":\"https:\/\/schema.org\",\"@graph\":[{\"@type\":\"WebPage\",\"@id\":\"https:\/\/gbsailingwithcalm.com\/politica-privacidad\/\",\"url\":\"https:\/\/gbsailingwithcalm.com\/politica-privacidad\/\",\"name\":\"Privacy Policy - Sailing with Calm \u2013 Gastronomic experience\",\"isPartOf\":{\"@id\":\"https:\/\/gbsailingwithcalm.com\/#website\"},\"datePublished\":\"2024-08-28T12:05:53+00:00\",\"dateModified\":\"2025-06-05T08:09:59+00:00\",\"breadcrumb\":{\"@id\":\"https:\/\/gbsailingwithcalm.com\/politica-privacidad\/#breadcrumb\"},\"inLanguage\":\"es\",\"potentialAction\":[{\"@type\":\"ReadAction\",\"target\":[\"https:\/\/gbsailingwithcalm.com\/politica-privacidad\/\"]}]},{\"@type\":\"BreadcrumbList\",\"@id\":\"https:\/\/gbsailingwithcalm.com\/politica-privacidad\/#breadcrumb\",\"itemListElement\":[{\"@type\":\"ListItem\",\"position\":1,\"name\":\"Portada\",\"item\":\"https:\/\/gbsailingwithcalm.com\/\"},{\"@type\":\"ListItem\",\"position\":2,\"name\":\"Privacy Policy\"}]},{\"@type\":\"WebSite\",\"@id\":\"https:\/\/gbsailingwithcalm.com\/#website\",\"url\":\"https:\/\/gbsailingwithcalm.com\/\",\"name\":\"Sailing with Calm \u2013 Gastronomic experience\",\"description\":\"Navega por la bah\u00eda de Palma a bordo de un velero cl\u00e1sico y descubre una experiencia gastron\u00f3mica \u00fanica en el Mediterr\u00e1neo. Salidas privadas con degustaciones de autor, snorkel y puestas de sol inolvidables.\",\"publisher\":{\"@id\":\"https:\/\/gbsailingwithcalm.com\/#organization\"},\"potentialAction\":[{\"@type\":\"SearchAction\",\"target\":{\"@type\":\"EntryPoint\",\"urlTemplate\":\"https:\/\/gbsailingwithcalm.com\/?s={search_term_string}\"},\"query-input\":{\"@type\":\"PropertyValueSpecification\",\"valueRequired\":true,\"valueName\":\"search_term_string\"}}],\"inLanguage\":\"es\"},{\"@type\":\"Organization\",\"@id\":\"https:\/\/gbsailingwithcalm.com\/#organization\",\"name\":\"Sailing with Calm \u2013 Gastronomic experience\",\"url\":\"https:\/\/gbsailingwithcalm.com\/\",\"logo\":{\"@type\":\"ImageObject\",\"inLanguage\":\"es\",\"@id\":\"https:\/\/gbsailingwithcalm.com\/#\/schema\/logo\/image\/\",\"url\":\"https:\/\/gbsailingwithcalm.com\/wp-content\/uploads\/2025\/05\/b3577893ef2c-saling_with_calm_LOGO_TRANSPARENTE.png\",\"contentUrl\":\"https:\/\/gbsailingwithcalm.com\/wp-content\/uploads\/2025\/05\/b3577893ef2c-saling_with_calm_LOGO_TRANSPARENTE.png\",\"width\":534,\"height\":468,\"caption\":\"Sailing with Calm \u2013 Gastronomic experience\"},\"image\":{\"@id\":\"https:\/\/gbsailingwithcalm.com\/#\/schema\/logo\/image\/\"}}]}<\/script>\n<!-- \/ Yoast SEO plugin. -->","yoast_head_json":{"title":"Privacy Policy - Sailing with Calm \u2013 Gastronomic experience","robots":{"index":"noindex","follow":"follow"},"og_locale":"es_ES","og_type":"article","og_title":"Privacy Policy - Sailing with Calm \u2013 Gastronomic experience","og_description":"At Sailing With Calm, we are committed to protecting the privacy and personal data of our users. This Privacy Policy aims to inform you about how we collect, use, protect, and share your personal information when you access our website and services. 1. Data Controller Name: Sailing With Calm Tax ID: Y3078710J Address: 07180, Balearic&hellip;&nbsp;Privacy Policy","og_url":"https:\/\/gbsailingwithcalm.com\/es\/politica-privacidad\/","og_site_name":"Sailing with Calm \u2013 Gastronomic experience","article_modified_time":"2025-06-05T08:09:59+00:00","twitter_card":"summary_large_image","twitter_misc":{"Tiempo de lectura":"2 minutos"},"schema":{"@context":"https:\/\/schema.org","@graph":[{"@type":"WebPage","@id":"https:\/\/gbsailingwithcalm.com\/politica-privacidad\/","url":"https:\/\/gbsailingwithcalm.com\/politica-privacidad\/","name":"Privacy Policy - Sailing with Calm \u2013 Gastronomic experience","isPartOf":{"@id":"https:\/\/gbsailingwithcalm.com\/#website"},"datePublished":"2024-08-28T12:05:53+00:00","dateModified":"2025-06-05T08:09:59+00:00","breadcrumb":{"@id":"https:\/\/gbsailingwithcalm.com\/politica-privacidad\/#breadcrumb"},"inLanguage":"es","potentialAction":[{"@type":"ReadAction","target":["https:\/\/gbsailingwithcalm.com\/politica-privacidad\/"]}]},{"@type":"BreadcrumbList","@id":"https:\/\/gbsailingwithcalm.com\/politica-privacidad\/#breadcrumb","itemListElement":[{"@type":"ListItem","position":1,"name":"Portada","item":"https:\/\/gbsailingwithcalm.com\/"},{"@type":"ListItem","position":2,"name":"Privacy Policy"}]},{"@type":"WebSite","@id":"https:\/\/gbsailingwithcalm.com\/#website","url":"https:\/\/gbsailingwithcalm.com\/","name":"Sailing with Calm \u2013 Gastronomic experience","description":"Navega por la bah\u00eda de Palma a bordo de un velero cl\u00e1sico y descubre una experiencia gastron\u00f3mica \u00fanica en el Mediterr\u00e1neo. Salidas privadas con degustaciones de autor, snorkel y puestas de sol inolvidables.","publisher":{"@id":"https:\/\/gbsailingwithcalm.com\/#organization"},"potentialAction":[{"@type":"SearchAction","target":{"@type":"EntryPoint","urlTemplate":"https:\/\/gbsailingwithcalm.com\/?s={search_term_string}"},"query-input":{"@type":"PropertyValueSpecification","valueRequired":true,"valueName":"search_term_string"}}],"inLanguage":"es"},{"@type":"Organization","@id":"https:\/\/gbsailingwithcalm.com\/#organization","name":"Sailing with Calm \u2013 Gastronomic experience","url":"https:\/\/gbsailingwithcalm.com\/","logo":{"@type":"ImageObject","inLanguage":"es","@id":"https:\/\/gbsailingwithcalm.com\/#\/schema\/logo\/image\/","url":"https:\/\/gbsailingwithcalm.com\/wp-content\/uploads\/2025\/05\/b3577893ef2c-saling_with_calm_LOGO_TRANSPARENTE.png","contentUrl":"https:\/\/gbsailingwithcalm.com\/wp-content\/uploads\/2025\/05\/b3577893ef2c-saling_with_calm_LOGO_TRANSPARENTE.png","width":534,"height":468,"caption":"Sailing with Calm \u2013 Gastronomic experience"},"image":{"@id":"https:\/\/gbsailingwithcalm.com\/#\/schema\/logo\/image\/"}}]}},"_links":{"self":[{"href":"https:\/\/gbsailingwithcalm.com\/es\/wp-json\/wp\/v2\/pages\/3","targetHints":{"allow":["GET"]}}],"collection":[{"href":"https:\/\/gbsailingwithcalm.com\/es\/wp-json\/wp\/v2\/pages"}],"about":[{"href":"https:\/\/gbsailingwithcalm.com\/es\/wp-json\/wp\/v2\/types\/page"}],"author":[{"embeddable":true,"href":"https:\/\/gbsailingwithcalm.com\/es\/wp-json\/wp\/v2\/users\/1"}],"replies":[{"embeddable":true,"href":"https:\/\/gbsailingwithcalm.com\/es\/wp-json\/wp\/v2\/comments?post=3"}],"version-history":[{"count":9,"href":"https:\/\/gbsailingwithcalm.com\/es\/wp-json\/wp\/v2\/pages\/3\/revisions"}],"predecessor-version":[{"id":1641,"href":"https:\/\/gbsailingwithcalm.com\/es\/wp-json\/wp\/v2\/pages\/3\/revisions\/1641"}],"wp:attachment":[{"href":"https:\/\/gbsailingwithcalm.com\/es\/wp-json\/wp\/v2\/media?parent=3"}],"curies":[{"name":"wp","href":"https:\/\/api.w.org\/{rel}","templated":true}]}}